{"id":3162,"date":"2021-09-11T09:46:58","date_gmt":"2021-09-11T06:46:58","guid":{"rendered":"https:\/\/www.demirlergumruk.com.tr\/misyon-ve-vizyon\/"},"modified":"2022-03-06T23:21:23","modified_gmt":"2022-03-06T20:21:23","slug":"mission-and-vision","status":"publish","type":"page","link":"https:\/\/www.demirlergumruk.com.tr\/en\/mission-and-vision\/","title":{"rendered":"Mission and Vision"},"content":{"rendered":"<div class=\"wpb-content-wrapper\"><p>[vc_row][vc_column]<div class=\"cz_gap clr  hide_on_tablet hide_on_mobile\" style=\"height: 25px\"><\/div><div class=\"cz_gap show_on_tablet clr \" style=\"height: 0px\"><\/div>[\/vc_column][\/vc_row][vc_row][vc_column offset=&#8221;vc_col-md-4&#8243;]<div id=\"cz_84150\" data-position=\"top-right\" class=\"cz_84150 cz_image clr cz_image_no_fx center_on_mobile\"><div class=\"\" ><div class=\"cz_image_in\"><div class=\"cz_main_image\"><img fetchpriority=\"high\" fetchpriority=\"high\" loading=\"eager\" decoding=\"sync\" data-no-lazy=\"1\" width=\"1536\" height=\"1024\" src=\"https:\/\/www.demirlergumruk.com.tr\/wp-content\/uploads\/2022\/03\/Logo_en_m_.jpeg\" class=\"attachment-full\" alt=\"Logo en m \" title=\"Logo_en_m_\" srcset=\"https:\/\/www.demirlergumruk.com.tr\/wp-content\/uploads\/2022\/03\/Logo_en_m_.jpeg 1536w, https:\/\/www.demirlergumruk.com.tr\/wp-content\/uploads\/2022\/03\/Logo_en_m_-300x200.jpeg 300w, https:\/\/www.demirlergumruk.com.tr\/wp-content\/uploads\/2022\/03\/Logo_en_m_-1024x683.jpeg 1024w, https:\/\/www.demirlergumruk.com.tr\/wp-content\/uploads\/2022\/03\/Logo_en_m_-768x512.jpeg 768w, https:\/\/www.demirlergumruk.com.tr\/wp-content\/uploads\/2022\/03\/Logo_en_m_-600x400.jpeg 600w\" sizes=\"(max-width: 1536px) 100vw, 1536px\"  \/><\/div><\/div><\/div><\/div>[\/vc_column][vc_column offset=&#8221;vc_col-md-8&#8243; css=&#8221;.vc_custom_1630480447012{padding-right: 40px !important;padding-left: 40px !important;}&#8221;]<div id=\"cz_106624\" class=\"cz_106624 cz_title clr cz_mobile_text_center cz_title_pos_inline\"><div class=\"cz_title_content\"><div class=\"cz_wpe_content\"><h3><span style=\"font-size: 36px;\">MISSION<\/span><\/h3>\n<div id=\"gtx-trans\" style=\"position: absolute; left: 519px; top: 38.9271px;\">\n<div class=\"gtx-trans-icon\"><\/div>\n<\/div>\n<\/div><\/div><\/div><div class=\"cz_gap clr \" style=\"height: 22px\"><\/div><div id=\"cz_83127\" class=\"cz_83127 cz_title clr cz_mobile_text_center cz_title_pos_inline\"><div class=\"cz_title_content\"><div class=\"cz_wpe_content\"><p style=\"text-align: justify;\">Our company, which adopts the principle of providing the best service to our customers, strives to develop the most suitable solutions for the demands and needs of our customers at every stage of service delivery, to design new projects together with our customers, to offer efficiency and permanent solutions, and to make a difference. By using technology in service production, it provides fast, safe, high quality and economic service to its customers with its staff who are experts in their fields, moral, free from ambition, and evolved within the framework of respect and love.<br \/>\nWe are aware that we will be preferred in the process we achieve this. For this reason, it is difficult to understand without speaking and to recognize without working together.<\/p>\n<\/div><\/div><\/div><div class=\"cz_gap clr \" style=\"height: 50px\"><\/div><div id=\"cz_25120\" class=\"cz_25120 cz_title clr cz_mobile_text_center cz_title_pos_inline\"><div class=\"cz_title_content\"><div class=\"cz_wpe_content\"><h3><span style=\"font-size: 36px;\">VISION<\/span><\/h3>\n<div id=\"gtx-trans\" style=\"position: absolute; left: 519px; top: 38.9271px;\">\n<div class=\"gtx-trans-icon\"><\/div>\n<\/div>\n<\/div><\/div><\/div><div id=\"cz_28239\" class=\"cz_28239 cz_title clr cz_mobile_text_center cz_title_pos_inline\"><div class=\"cz_title_content\"><div class=\"cz_wpe_content\"><p style=\"text-align: justify;\">They are working policies based on excellence and trust. In the service sector, it is a fast but not hasty service approach that prioritizes higher quality, faster customer satisfaction, uses time efficiently. In this vision, the beginning and the end of the service, which is the nationalization of the goods, putting them into free circulation, transportation and such intermediate services are concluded together.<br \/>\nIn other words, it is the delivery of goods and services from door to door in the best and complete way. While doing these, it is our basic principle to contribute to our esteemed customers, the Country&#8217;s Economy and the social structure with our principles of preventing cost increase by shortening the waiting times of goods passing through (incoming\/outgoing) bonded areas in service with a fast and planned action, reducing daily additional expenses together with saving time.<br \/>\nIt is one of the principles of our company to act with the awareness that we are the representatives of a mission in the services we provide and to work as a team with this consciousness. Our works are concluded quickly as a result of our dialogue with the company employees in the team, the public institutions we receive service from and you, the employer representatives, within the framework of love and respect, the knowledge about our service area and the positive approach of our experienced employees within the framework of the legislation.<\/p>\n<\/div><\/div><\/div><div class=\"cz_gap clr \" style=\"height: 50px\"><\/div><div id=\"cz_84195\" class=\"cz_84195 cz_title clr cz_mobile_text_center cz_title_pos_inline\"><div class=\"cz_title_content\"><div class=\"cz_wpe_content\"><h3><span style=\"font-size: 36px;\">TARGETS<\/span><\/h3>\n<div id=\"gtx-trans\" style=\"position: absolute; left: 519px; top: 38.9271px;\">\n<div class=\"gtx-trans-icon\"><\/div>\n<\/div>\n<\/div><\/div><\/div><div id=\"cz_94976\" class=\"cz_94976 cz_title clr cz_mobile_text_center cz_title_pos_inline\"><div class=\"cz_title_content\"><div class=\"cz_wpe_content\"><div id=\"cz_87484\" class=\"cz_87484 cz_title clr cz_mobile_text_center cz_title_pos_inline\">\n<div class=\"cz_title_content\">\n<div class=\"cz_wpe_content\">\n<p style=\"text-align: justify;\">\u201cQuality is never accidental; It is the result of a rational effort.\u201d Demirler Customs Consultancy, which has always strengthened its existing structure with its principle, has aimed at &#8220;continuous quality&#8221; by realizing the dynamism it has created.<br \/>\nWithin the framework of the changing trade understanding and constantly renewing legislation in the world markets, we always make it a principle to work with all our strength so that you can benefit from the opportunities that provide competitive privileges on a sectoral basis.<br \/>\nWe know that technology is an indispensable element of today, we have taken the task of reflecting the changing technology to our staff and our valued customers, and we have adopted the principle of following the developing technology and using it more effectively and efficiently, thanks to both our staff and our expert solution partners.<br \/>\nAs <strong>DEM\u0130RLER CUSTOMS CONSULTANCY;<\/strong><br \/>\nWith our experienced, knowledgeable, reliable, compliant, constantly improving, fast but not in a hurry staff who base love and respect as basis of human relations, we are always ready to work with our good claims in our service sectors.<\/p>\n<\/div>\n<\/div>\n<\/div>\n<\/div><\/div><\/div>[\/vc_column][\/vc_row][vc_row][vc_column offset=&#8221;vc_col-md-8&#8243; css=&#8221;.vc_custom_1630480447012{padding-right: 40px !important;padding-left: 40px !important;}&#8221;]<div class=\"cz_gap clr \" style=\"height: 22px\"><\/div>[\/vc_column][\/vc_row]<\/p>\n<\/div>","protected":false},"excerpt":{"rendered":"[vc_row][vc_column][\/vc_column][\/vc_row][vc_row][vc_column offset=\"vc_col-md-4\"][\/vc_column][vc_column offset=\"vc_col-md-8\" css=\".vc_custom_1630480447012{padding-right: 40px !important;padding-left: 40px !important;}\"]MISSION Our company, which adopts the principle of providing the best service to","protected":false},"author":1,"featured_media":0,"parent":0,"menu_order":14,"comment_status":"closed","ping_status":"closed","template":"","meta":{"footnotes":""},"class_list":["post-3162","page","type-page","status-publish","hentry"],"yoast_head":"<!-- This site is optimized with the Yoast SEO plugin v27.2 - https:\/\/yoast.com\/product\/yoast-seo-wordpress\/ -->\n<title>Mission and Vision - Demirler G\u00fcmr\u00fck M\u00fc\u015favirli\u011fi<\/title>\n<meta name=\"robots\" content=\"index, follow, max-snippet:-1, max-image-preview:large, max-video-preview:-1\" \/>\n<link rel=\"canonical\" href=\"https:\/\/www.demirlergumruk.com.tr\/en\/mission-and-vision\/\" \/>\n<meta property=\"og:locale\" content=\"en_US\" \/>\n<meta property=\"og:type\" content=\"article\" \/>\n<meta property=\"og:title\" content=\"Mission and Vision - Demirler G\u00fcmr\u00fck M\u00fc\u015favirli\u011fi\" \/>\n<meta property=\"og:url\" content=\"https:\/\/www.demirlergumruk.com.tr\/en\/mission-and-vision\/\" \/>\n<meta property=\"og:site_name\" content=\"Demirler G\u00fcmr\u00fck M\u00fc\u015favirli\u011fi\" \/>\n<meta property=\"article:modified_time\" content=\"2022-03-06T20:21:23+00:00\" \/>\n<meta name=\"twitter:card\" content=\"summary_large_image\" \/>\n<meta name=\"twitter:label1\" content=\"Est. reading time\" \/>\n\t<meta name=\"twitter:data1\" content=\"4 minutes\" \/>\n<script type=\"application\/ld+json\" class=\"yoast-schema-graph\">{\"@context\":\"https:\/\/schema.org\",\"@graph\":[{\"@type\":\"WebPage\",\"@id\":\"https:\/\/www.demirlergumruk.com.tr\/en\/mission-and-vision\/\",\"url\":\"https:\/\/www.demirlergumruk.com.tr\/en\/mission-and-vision\/\",\"name\":\"Mission and Vision - Demirler G\u00fcmr\u00fck M\u00fc\u015favirli\u011fi\",\"isPartOf\":{\"@id\":\"https:\/\/www.demirlergumruk.com.tr\/en\/#website\"},\"datePublished\":\"2021-09-11T06:46:58+00:00\",\"dateModified\":\"2022-03-06T20:21:23+00:00\",\"breadcrumb\":{\"@id\":\"https:\/\/www.demirlergumruk.com.tr\/en\/mission-and-vision\/#breadcrumb\"},\"inLanguage\":\"en-US\",\"potentialAction\":[{\"@type\":\"ReadAction\",\"target\":[\"https:\/\/www.demirlergumruk.com.tr\/en\/mission-and-vision\/\"]}]},{\"@type\":\"BreadcrumbList\",\"@id\":\"https:\/\/www.demirlergumruk.com.tr\/en\/mission-and-vision\/#breadcrumb\",\"itemListElement\":[{\"@type\":\"ListItem\",\"position\":1,\"name\":\"Anasayfa\",\"item\":\"https:\/\/www.demirlergumruk.com.tr\/en\/\"},{\"@type\":\"ListItem\",\"position\":2,\"name\":\"Mission and Vision\"}]},{\"@type\":\"WebSite\",\"@id\":\"https:\/\/www.demirlergumruk.com.tr\/en\/#website\",\"url\":\"https:\/\/www.demirlergumruk.com.tr\/en\/\",\"name\":\"Demirler G\u00fcmr\u00fck M\u00fc\u015favirli\u011fi\",\"description\":\"Yenilenmeyen Yenilir\",\"publisher\":{\"@id\":\"https:\/\/www.demirlergumruk.com.tr\/en\/#organization\"},\"potentialAction\":[{\"@type\":\"SearchAction\",\"target\":{\"@type\":\"EntryPoint\",\"urlTemplate\":\"https:\/\/www.demirlergumruk.com.tr\/en\/?s={search_term_string}\"},\"query-input\":{\"@type\":\"PropertyValueSpecification\",\"valueRequired\":true,\"valueName\":\"search_term_string\"}}],\"inLanguage\":\"en-US\"},{\"@type\":\"Organization\",\"@id\":\"https:\/\/www.demirlergumruk.com.tr\/en\/#organization\",\"name\":\"Demirler G\u00fcmr\u00fck M\u00fc\u015favirli\u011fi\",\"url\":\"https:\/\/www.demirlergumruk.com.tr\/en\/\",\"logo\":{\"@type\":\"ImageObject\",\"inLanguage\":\"en-US\",\"@id\":\"https:\/\/www.demirlergumruk.com.tr\/en\/#\/schema\/logo\/image\/\",\"url\":\"https:\/\/www.demirlergumruk.com.tr\/wp-content\/uploads\/2021\/08\/Demirler_gumruk_logo.png\",\"contentUrl\":\"https:\/\/www.demirlergumruk.com.tr\/wp-content\/uploads\/2021\/08\/Demirler_gumruk_logo.png\",\"width\":290,\"height\":137,\"caption\":\"Demirler G\u00fcmr\u00fck M\u00fc\u015favirli\u011fi\"},\"image\":{\"@id\":\"https:\/\/www.demirlergumruk.com.tr\/en\/#\/schema\/logo\/image\/\"}}]}<\/script>\n<!-- \/ Yoast SEO plugin. -->","yoast_head_json":{"title":"Mission and Vision - Demirler G\u00fcmr\u00fck M\u00fc\u015favirli\u011fi","robots":{"index":"index","follow":"follow","max-snippet":"max-snippet:-1","max-image-preview":"max-image-preview:large","max-video-preview":"max-video-preview:-1"},"canonical":"https:\/\/www.demirlergumruk.com.tr\/en\/mission-and-vision\/","og_locale":"en_US","og_type":"article","og_title":"Mission and Vision - Demirler G\u00fcmr\u00fck M\u00fc\u015favirli\u011fi","og_url":"https:\/\/www.demirlergumruk.com.tr\/en\/mission-and-vision\/","og_site_name":"Demirler G\u00fcmr\u00fck M\u00fc\u015favirli\u011fi","article_modified_time":"2022-03-06T20:21:23+00:00","twitter_card":"summary_large_image","twitter_misc":{"Est. reading time":"4 minutes"},"schema":{"@context":"https:\/\/schema.org","@graph":[{"@type":"WebPage","@id":"https:\/\/www.demirlergumruk.com.tr\/en\/mission-and-vision\/","url":"https:\/\/www.demirlergumruk.com.tr\/en\/mission-and-vision\/","name":"Mission and Vision - Demirler G\u00fcmr\u00fck M\u00fc\u015favirli\u011fi","isPartOf":{"@id":"https:\/\/www.demirlergumruk.com.tr\/en\/#website"},"datePublished":"2021-09-11T06:46:58+00:00","dateModified":"2022-03-06T20:21:23+00:00","breadcrumb":{"@id":"https:\/\/www.demirlergumruk.com.tr\/en\/mission-and-vision\/#breadcrumb"},"inLanguage":"en-US","potentialAction":[{"@type":"ReadAction","target":["https:\/\/www.demirlergumruk.com.tr\/en\/mission-and-vision\/"]}]},{"@type":"BreadcrumbList","@id":"https:\/\/www.demirlergumruk.com.tr\/en\/mission-and-vision\/#breadcrumb","itemListElement":[{"@type":"ListItem","position":1,"name":"Anasayfa","item":"https:\/\/www.demirlergumruk.com.tr\/en\/"},{"@type":"ListItem","position":2,"name":"Mission and Vision"}]},{"@type":"WebSite","@id":"https:\/\/www.demirlergumruk.com.tr\/en\/#website","url":"https:\/\/www.demirlergumruk.com.tr\/en\/","name":"Demirler G\u00fcmr\u00fck M\u00fc\u015favirli\u011fi","description":"Yenilenmeyen Yenilir","publisher":{"@id":"https:\/\/www.demirlergumruk.com.tr\/en\/#organization"},"potentialAction":[{"@type":"SearchAction","target":{"@type":"EntryPoint","urlTemplate":"https:\/\/www.demirlergumruk.com.tr\/en\/?s={search_term_string}"},"query-input":{"@type":"PropertyValueSpecification","valueRequired":true,"valueName":"search_term_string"}}],"inLanguage":"en-US"},{"@type":"Organization","@id":"https:\/\/www.demirlergumruk.com.tr\/en\/#organization","name":"Demirler G\u00fcmr\u00fck M\u00fc\u015favirli\u011fi","url":"https:\/\/www.demirlergumruk.com.tr\/en\/","logo":{"@type":"ImageObject","inLanguage":"en-US","@id":"https:\/\/www.demirlergumruk.com.tr\/en\/#\/schema\/logo\/image\/","url":"https:\/\/www.demirlergumruk.com.tr\/wp-content\/uploads\/2021\/08\/Demirler_gumruk_logo.png","contentUrl":"https:\/\/www.demirlergumruk.com.tr\/wp-content\/uploads\/2021\/08\/Demirler_gumruk_logo.png","width":290,"height":137,"caption":"Demirler G\u00fcmr\u00fck M\u00fc\u015favirli\u011fi"},"image":{"@id":"https:\/\/www.demirlergumruk.com.tr\/en\/#\/schema\/logo\/image\/"}}]}},"_links":{"self":[{"href":"https:\/\/www.demirlergumruk.com.tr\/en\/wp-json\/wp\/v2\/pages\/3162","targetHints":{"allow":["GET"]}}],"collection":[{"href":"https:\/\/www.demirlergumruk.com.tr\/en\/wp-json\/wp\/v2\/pages"}],"about":[{"href":"https:\/\/www.demirlergumruk.com.tr\/en\/wp-json\/wp\/v2\/types\/page"}],"author":[{"embeddable":true,"href":"https:\/\/www.demirlergumruk.com.tr\/en\/wp-json\/wp\/v2\/users\/1"}],"replies":[{"embeddable":true,"href":"https:\/\/www.demirlergumruk.com.tr\/en\/wp-json\/wp\/v2\/comments?post=3162"}],"version-history":[{"count":4,"href":"https:\/\/www.demirlergumruk.com.tr\/en\/wp-json\/wp\/v2\/pages\/3162\/revisions"}],"predecessor-version":[{"id":3630,"href":"https:\/\/www.demirlergumruk.com.tr\/en\/wp-json\/wp\/v2\/pages\/3162\/revisions\/3630"}],"wp:attachment":[{"href":"https:\/\/www.demirlergumruk.com.tr\/en\/wp-json\/wp\/v2\/media?parent=3162"}],"curies":[{"name":"wp","href":"https:\/\/api.w.org\/{rel}","templated":true}]}}