{"id":3188,"date":"2021-09-10T21:39:44","date_gmt":"2021-09-10T18:39:44","guid":{"rendered":"https:\/\/www.demirlergumruk.com.tr\/genel-mudurun-mesaji\/"},"modified":"2022-03-06T23:12:09","modified_gmt":"2022-03-06T20:12:09","slug":"message-from-director-general","status":"publish","type":"page","link":"https:\/\/www.demirlergumruk.com.tr\/en\/message-from-director-general\/","title":{"rendered":"Message From Director General"},"content":{"rendered":"<div class=\"wpb-content-wrapper\"><p>[vc_row full_width=&#8221;stretch_row_content&#8221;][vc_column]<div id=\"cz_108482\" class=\"cz-particles\"><div class=\"row clr\"><div id=\"cz_38412\" class=\"cz_38412 cz_title clr cz_title_pos_inline\"><div class=\"cz_title_content\"><div class=\"cz_wpe_content\"><h3>MESSAGE FROM DIRECTOR GENERAL<\/h3>\n<div id=\"gtx-trans\" style=\"position: absolute; left: 47px; top: 21.7188px;\">\n<div class=\"gtx-trans-icon\"><\/div>\n<\/div>\n<\/div><\/div><\/div><div class=\"cz_gap clr \" style=\"height: 20px\"><\/div>[vc_row_inner][vc_column_inner width=&#8221;1\/2&#8243;]<div id=\"cz_14422\" class=\"cz_14422 cz_team mb30 clr cz_team_always_show cz_team_1\"><div class=\"cz_team_img\"><img loading=\"lazy\" decoding=\"async\" width=\"1024\" height=\"768\" src=\"https:\/\/www.demirlergumruk.com.tr\/wp-content\/uploads\/2021\/09\/WhatsApp-Image-2021-09-20-at-17.56.21.jpeg\" class=\"attachment-full\" alt=\"WhatsApp Image 2021 09 20 at 17 56 21\" title=\"WhatsApp Image 2021-09-20 at 17.56.21\" srcset=\"https:\/\/www.demirlergumruk.com.tr\/wp-content\/uploads\/2021\/09\/WhatsApp-Image-2021-09-20-at-17.56.21.jpeg 1024w, https:\/\/www.demirlergumruk.com.tr\/wp-content\/uploads\/2021\/09\/WhatsApp-Image-2021-09-20-at-17.56.21-300x225.jpeg 300w, https:\/\/www.demirlergumruk.com.tr\/wp-content\/uploads\/2021\/09\/WhatsApp-Image-2021-09-20-at-17.56.21-768x576.jpeg 768w, https:\/\/www.demirlergumruk.com.tr\/wp-content\/uploads\/2021\/09\/WhatsApp-Image-2021-09-20-at-17.56.21-600x450.jpeg 600w\" sizes=\"auto, (max-width: 1024px) 100vw, 1024px\" loading=\"lazy\" \/><\/div><div class=\"cz_team_content cz_wpe_content\"><h4 style=\"text-align: center;\"><span style=\"color: #333333;\"><strong>Kemal Demir<\/strong><\/span><\/h4>\n<p style=\"text-align: center;\"><span style=\"color: #606060;\"><strong>Founder\u00a0<\/strong>\/ General Manager<\/span><\/p>\n<\/div><div class=\"cz_team_social cz_social clr\"><div class=\"cz_team_social_in\"><\/div><\/div><\/div>[\/vc_column_inner][vc_column_inner width=&#8221;1\/2&#8243;][vc_column_text]<\/p>\n<p style=\"text-align: justify;\"><span style=\"color: #333333;\">We, as Demir Group, our success as a brand; We have achieved this by working consistently in line with the values we believe in. As Demir Group, we have never compromised on honesty, which is our indispensable principle.<br \/>\nOur success; In this way, which we have continued by maintaining our reliability since its establishment, we owe it to our work with the idea of professional business ethics by transferring our knowledge in the right way.<br \/>\nOur main aim is; is to be beneficial to our people and future generations by providing added value to our country. In addition, we always make it our principle to work with all our strength so that you can benefit from the opportunities that provide competitive privileges on a sectoral basis, within the framework of the changing trade understanding and constantly renewing legislation in the world markets.<br \/>\nAs an institution that attaches importance to the national economy and employment, we are determined to continue our success by combining our educated and professionally experienced management staff, experienced employees, customer satisfaction-oriented service understanding with our knowledge and experience.<br \/>\n<\/span><\/p>\n<p>[\/vc_column_text][\/vc_column_inner][\/vc_row_inner]<\/div><\/div>\n<script>\n\n\tjQuery( function( $ ) {\n\n\t\tvar timeout;\n\t\t$( window ).on( \"scroll.codevz_stretch_fix\", function() {\n\t\t\tclearTimeout( timeout );\n\t\t\ttimeout = setTimeout( function() {\n\t\t\t\tif ( Codevz_Plus.inview( $( \"#cz_108482\" ), 250 ) ) {\n\n\t\t\t\t\tif ( typeof particlesJS != \"undefined\" ) {\n\n\t\t\t\t\t\tparticlesJS(\"cz_108482\", {\n\t\t\t\t\t\t  \"particles\": {\n\t\t\t\t\t\t    \"number\": {\n\t\t\t\t\t\t      \"value\": 30\n\t\t\t\t\t\t    },\n\t\t\t\t\t\t    \"color\": {\n\t\t\t\t\t\t      \"value\": \"#ffffff\"\n\t\t\t\t\t\t    },\n\t\t\t\t\t\t    \"shape\": {\n\t\t\t\t\t\t      \"type\": \"edge\",\n\t\t\t\t\t\t    },\n\t\t\t\t\t\t    \"line_linked\": {\n\t\t\t\t\t\t      \"enable\": true,\n\t\t\t\t\t\t      \"distance\": 10,\n\t\t\t\t\t\t      \"color\": \"#002699\",\n\t\t\t\t\t\t      \"opacity\": 0.4,\n\t\t\t\t\t\t      \"width\": 1\n\t\t\t\t\t\t    },\n\t\t\t\t\t\t    \"opacity\": {\n\t\t\t\t\t\t      \"value\": 0.5,\n\t\t\t\t\t\t      \"random\": true,\n\t\t\t\t\t\t      \"anim\": {\n\t\t\t\t\t\t        \"enable\": false,\n\t\t\t\t\t\t        \"speed\": 1,\n\t\t\t\t\t\t        \"opacity_min\": 0.1,\n\t\t\t\t\t\t        \"sync\": false\n\t\t\t\t\t\t      }\n\t\t\t\t\t\t    },\n\t\t\t\t\t\t    \"size\": {\n\t\t\t\t\t\t      \"value\": 5,\n\t\t\t\t\t\t      \"random\": true,\n\t\t\t\t\t\t      \"anim\": {\n\t\t\t\t\t\t        \"enable\": false,\n\t\t\t\t\t\t        \"speed\": 40,\n\t\t\t\t\t\t        \"size_min\": 0.1,\n\t\t\t\t\t\t        \"sync\": false\n\t\t\t\t\t\t      }\n\t\t\t\t\t\t    },\n\t\t\t\t\t\t    \"move\": {\n\t\t\t\t\t\t      \"enable\": true,\n\t\t\t\t\t\t      \"speed\": 1,\n\t\t\t\t\t\t      \"direction\": \"top\",\n\t\t\t\t\t\t      \"random\": false,\n\t\t\t\t\t\t      \"straight\": false,\n\t\t\t\t\t\t      \"out_mode\": \"out\",\n\t\t\t\t\t\t      \"bounce\": false,\n\t\t\t\t\t\t      \"attract\": {\n\t\t\t\t\t\t        \"enable\": false,\n\t\t\t\t\t\t        \"rotateX\": 600,\n\t\t\t\t\t\t        \"rotateY\": 1200\n\t\t\t\t\t\t      }\n\t\t\t\t\t\t    }\n\t\t\t\t\t\t  },\n\t\t\t\t\t\t  \"interactivity\": {\n\t\t\t\t\t\t    \"detect_on\": \"canvas\",\n\t\t\t\t\t\t    \"events\": {\n\t\t\t\t\t\t      \"onhover\": {\n\t\t\t\t\t\t        \"enable\": true,\n\t\t\t\t\t\t        \"mode\": \"grab\"\n\t\t\t\t\t\t      },\n\t\t\t\t\t\t      \"onclick\": {\n\t\t\t\t\t\t        \"enable\": true,\n\t\t\t\t\t\t        \"mode\": \"push\"\n\t\t\t\t\t\t      },\n\t\t\t\t\t\t      \"resize\": true\n\t\t\t\t\t\t    },\n\t\t\t\t\t\t    \"modes\": {\n\t\t\t\t\t\t      \"grab\": {\n\t\t\t\t\t\t        \"distance\": 100,\n\t\t\t\t\t\t        \"line_linked\": {\n\t\t\t\t\t\t          \"opacity\": 1\n\t\t\t\t\t\t        }\n\t\t\t\t\t\t      },\n\t\t\t\t\t\t      \"bubble\": {\n\t\t\t\t\t\t        \"distance\": 400,\n\t\t\t\t\t\t        \"size\": 40,\n\t\t\t\t\t\t        \"duration\": 2,\n\t\t\t\t\t\t        \"opacity\": 8,\n\t\t\t\t\t\t        \"speed\": 3\n\t\t\t\t\t\t      },\n\t\t\t\t\t\t      \"repulse\": {\n\t\t\t\t\t\t        \"distance\": 200,\n\t\t\t\t\t\t        \"duration\": 0.4\n\t\t\t\t\t\t      },\n\t\t\t\t\t\t      \"push\": {\n\t\t\t\t\t\t        \"particles_nb\": 4\n\t\t\t\t\t\t      },\n\t\t\t\t\t\t      \"remove\": {\n\t\t\t\t\t\t        \"particles_nb\": 2\n\t\t\t\t\t\t      }\n\t\t\t\t\t\t    }\n\t\t\t\t\t\t  },\n\t\t\t\t\t\t  \"retina_detect\": true\n\t\t\t\t\t\t});\n\t\t\t\t\t}\n\n\t\t\t\t}\n\t\t\t}, 1000 );\n\t\t}).trigger( \"scroll.codevz_stretch_fix\" );\n\n\t});\n\n<\/script>[\/vc_column][\/vc_row][vc_row][vc_column][vc_column_text][\/vc_column_text][\/vc_column][\/vc_row]<\/p>\n<\/div>","protected":false},"excerpt":{"rendered":"[vc_row full_width=\"stretch_row_content\"][vc_column]MESSAGE FROM DIRECTOR GENERAL [vc_row_inner][vc_column_inner width=\"1\/2\"] Kemal Demir Founder\u00a0\/ General Manager [\/vc_column_inner][vc_column_inner width=\"1\/2\"][vc_column_text] We, as Demir Group, our success","protected":false},"author":1,"featured_media":0,"parent":0,"menu_order":19,"comment_status":"closed","ping_status":"closed","template":"","meta":{"footnotes":""},"class_list":["post-3188","page","type-page","status-publish","hentry"],"yoast_head":"<!-- This site is optimized with the Yoast SEO plugin v27.2 - https:\/\/yoast.com\/product\/yoast-seo-wordpress\/ -->\n<title>Message From Director General - Demirler G\u00fcmr\u00fck M\u00fc\u015favirli\u011fi<\/title>\n<meta name=\"robots\" content=\"index, follow, max-snippet:-1, max-image-preview:large, max-video-preview:-1\" \/>\n<link rel=\"canonical\" href=\"https:\/\/www.demirlergumruk.com.tr\/en\/message-from-director-general\/\" \/>\n<meta property=\"og:locale\" content=\"en_US\" \/>\n<meta property=\"og:type\" content=\"article\" \/>\n<meta property=\"og:title\" content=\"Message From Director General - Demirler G\u00fcmr\u00fck M\u00fc\u015favirli\u011fi\" \/>\n<meta property=\"og:url\" content=\"https:\/\/www.demirlergumruk.com.tr\/en\/message-from-director-general\/\" \/>\n<meta property=\"og:site_name\" content=\"Demirler G\u00fcmr\u00fck M\u00fc\u015favirli\u011fi\" \/>\n<meta property=\"article:modified_time\" content=\"2022-03-06T20:12:09+00:00\" \/>\n<meta name=\"twitter:card\" content=\"summary_large_image\" \/>\n<meta name=\"twitter:label1\" content=\"Est. reading time\" \/>\n\t<meta name=\"twitter:data1\" content=\"2 minutes\" \/>\n<script type=\"application\/ld+json\" class=\"yoast-schema-graph\">{\"@context\":\"https:\/\/schema.org\",\"@graph\":[{\"@type\":\"WebPage\",\"@id\":\"https:\/\/www.demirlergumruk.com.tr\/en\/message-from-director-general\/\",\"url\":\"https:\/\/www.demirlergumruk.com.tr\/en\/message-from-director-general\/\",\"name\":\"Message From Director General - Demirler G\u00fcmr\u00fck M\u00fc\u015favirli\u011fi\",\"isPartOf\":{\"@id\":\"https:\/\/www.demirlergumruk.com.tr\/en\/#website\"},\"datePublished\":\"2021-09-10T18:39:44+00:00\",\"dateModified\":\"2022-03-06T20:12:09+00:00\",\"breadcrumb\":{\"@id\":\"https:\/\/www.demirlergumruk.com.tr\/en\/message-from-director-general\/#breadcrumb\"},\"inLanguage\":\"en-US\",\"potentialAction\":[{\"@type\":\"ReadAction\",\"target\":[\"https:\/\/www.demirlergumruk.com.tr\/en\/message-from-director-general\/\"]}]},{\"@type\":\"BreadcrumbList\",\"@id\":\"https:\/\/www.demirlergumruk.com.tr\/en\/message-from-director-general\/#breadcrumb\",\"itemListElement\":[{\"@type\":\"ListItem\",\"position\":1,\"name\":\"Anasayfa\",\"item\":\"https:\/\/www.demirlergumruk.com.tr\/en\/\"},{\"@type\":\"ListItem\",\"position\":2,\"name\":\"Message From Director General\"}]},{\"@type\":\"WebSite\",\"@id\":\"https:\/\/www.demirlergumruk.com.tr\/en\/#website\",\"url\":\"https:\/\/www.demirlergumruk.com.tr\/en\/\",\"name\":\"Demirler G\u00fcmr\u00fck M\u00fc\u015favirli\u011fi\",\"description\":\"Yenilenmeyen Yenilir\",\"publisher\":{\"@id\":\"https:\/\/www.demirlergumruk.com.tr\/en\/#organization\"},\"potentialAction\":[{\"@type\":\"SearchAction\",\"target\":{\"@type\":\"EntryPoint\",\"urlTemplate\":\"https:\/\/www.demirlergumruk.com.tr\/en\/?s={search_term_string}\"},\"query-input\":{\"@type\":\"PropertyValueSpecification\",\"valueRequired\":true,\"valueName\":\"search_term_string\"}}],\"inLanguage\":\"en-US\"},{\"@type\":\"Organization\",\"@id\":\"https:\/\/www.demirlergumruk.com.tr\/en\/#organization\",\"name\":\"Demirler G\u00fcmr\u00fck M\u00fc\u015favirli\u011fi\",\"url\":\"https:\/\/www.demirlergumruk.com.tr\/en\/\",\"logo\":{\"@type\":\"ImageObject\",\"inLanguage\":\"en-US\",\"@id\":\"https:\/\/www.demirlergumruk.com.tr\/en\/#\/schema\/logo\/image\/\",\"url\":\"https:\/\/www.demirlergumruk.com.tr\/wp-content\/uploads\/2021\/08\/Demirler_gumruk_logo.png\",\"contentUrl\":\"https:\/\/www.demirlergumruk.com.tr\/wp-content\/uploads\/2021\/08\/Demirler_gumruk_logo.png\",\"width\":290,\"height\":137,\"caption\":\"Demirler G\u00fcmr\u00fck M\u00fc\u015favirli\u011fi\"},\"image\":{\"@id\":\"https:\/\/www.demirlergumruk.com.tr\/en\/#\/schema\/logo\/image\/\"}}]}<\/script>\n<!-- \/ Yoast SEO plugin. -->","yoast_head_json":{"title":"Message From Director General - Demirler G\u00fcmr\u00fck M\u00fc\u015favirli\u011fi","robots":{"index":"index","follow":"follow","max-snippet":"max-snippet:-1","max-image-preview":"max-image-preview:large","max-video-preview":"max-video-preview:-1"},"canonical":"https:\/\/www.demirlergumruk.com.tr\/en\/message-from-director-general\/","og_locale":"en_US","og_type":"article","og_title":"Message From Director General - Demirler G\u00fcmr\u00fck M\u00fc\u015favirli\u011fi","og_url":"https:\/\/www.demirlergumruk.com.tr\/en\/message-from-director-general\/","og_site_name":"Demirler G\u00fcmr\u00fck M\u00fc\u015favirli\u011fi","article_modified_time":"2022-03-06T20:12:09+00:00","twitter_card":"summary_large_image","twitter_misc":{"Est. reading time":"2 minutes"},"schema":{"@context":"https:\/\/schema.org","@graph":[{"@type":"WebPage","@id":"https:\/\/www.demirlergumruk.com.tr\/en\/message-from-director-general\/","url":"https:\/\/www.demirlergumruk.com.tr\/en\/message-from-director-general\/","name":"Message From Director General - Demirler G\u00fcmr\u00fck M\u00fc\u015favirli\u011fi","isPartOf":{"@id":"https:\/\/www.demirlergumruk.com.tr\/en\/#website"},"datePublished":"2021-09-10T18:39:44+00:00","dateModified":"2022-03-06T20:12:09+00:00","breadcrumb":{"@id":"https:\/\/www.demirlergumruk.com.tr\/en\/message-from-director-general\/#breadcrumb"},"inLanguage":"en-US","potentialAction":[{"@type":"ReadAction","target":["https:\/\/www.demirlergumruk.com.tr\/en\/message-from-director-general\/"]}]},{"@type":"BreadcrumbList","@id":"https:\/\/www.demirlergumruk.com.tr\/en\/message-from-director-general\/#breadcrumb","itemListElement":[{"@type":"ListItem","position":1,"name":"Anasayfa","item":"https:\/\/www.demirlergumruk.com.tr\/en\/"},{"@type":"ListItem","position":2,"name":"Message From Director General"}]},{"@type":"WebSite","@id":"https:\/\/www.demirlergumruk.com.tr\/en\/#website","url":"https:\/\/www.demirlergumruk.com.tr\/en\/","name":"Demirler G\u00fcmr\u00fck M\u00fc\u015favirli\u011fi","description":"Yenilenmeyen Yenilir","publisher":{"@id":"https:\/\/www.demirlergumruk.com.tr\/en\/#organization"},"potentialAction":[{"@type":"SearchAction","target":{"@type":"EntryPoint","urlTemplate":"https:\/\/www.demirlergumruk.com.tr\/en\/?s={search_term_string}"},"query-input":{"@type":"PropertyValueSpecification","valueRequired":true,"valueName":"search_term_string"}}],"inLanguage":"en-US"},{"@type":"Organization","@id":"https:\/\/www.demirlergumruk.com.tr\/en\/#organization","name":"Demirler G\u00fcmr\u00fck M\u00fc\u015favirli\u011fi","url":"https:\/\/www.demirlergumruk.com.tr\/en\/","logo":{"@type":"ImageObject","inLanguage":"en-US","@id":"https:\/\/www.demirlergumruk.com.tr\/en\/#\/schema\/logo\/image\/","url":"https:\/\/www.demirlergumruk.com.tr\/wp-content\/uploads\/2021\/08\/Demirler_gumruk_logo.png","contentUrl":"https:\/\/www.demirlergumruk.com.tr\/wp-content\/uploads\/2021\/08\/Demirler_gumruk_logo.png","width":290,"height":137,"caption":"Demirler G\u00fcmr\u00fck M\u00fc\u015favirli\u011fi"},"image":{"@id":"https:\/\/www.demirlergumruk.com.tr\/en\/#\/schema\/logo\/image\/"}}]}},"_links":{"self":[{"href":"https:\/\/www.demirlergumruk.com.tr\/en\/wp-json\/wp\/v2\/pages\/3188","targetHints":{"allow":["GET"]}}],"collection":[{"href":"https:\/\/www.demirlergumruk.com.tr\/en\/wp-json\/wp\/v2\/pages"}],"about":[{"href":"https:\/\/www.demirlergumruk.com.tr\/en\/wp-json\/wp\/v2\/types\/page"}],"author":[{"embeddable":true,"href":"https:\/\/www.demirlergumruk.com.tr\/en\/wp-json\/wp\/v2\/users\/1"}],"replies":[{"embeddable":true,"href":"https:\/\/www.demirlergumruk.com.tr\/en\/wp-json\/wp\/v2\/comments?post=3188"}],"version-history":[{"count":6,"href":"https:\/\/www.demirlergumruk.com.tr\/en\/wp-json\/wp\/v2\/pages\/3188\/revisions"}],"predecessor-version":[{"id":3220,"href":"https:\/\/www.demirlergumruk.com.tr\/en\/wp-json\/wp\/v2\/pages\/3188\/revisions\/3220"}],"wp:attachment":[{"href":"https:\/\/www.demirlergumruk.com.tr\/en\/wp-json\/wp\/v2\/media?parent=3188"}],"curies":[{"name":"wp","href":"https:\/\/api.w.org\/{rel}","templated":true}]}}