{"id":3230,"date":"2021-08-31T08:22:07","date_gmt":"2021-08-31T05:22:07","guid":{"rendered":"https:\/\/www.demirlergumruk.com.tr\/sigorta-hizmetleri\/"},"modified":"2022-02-11T13:54:32","modified_gmt":"2022-02-11T10:54:32","slug":"insurance-services","status":"publish","type":"page","link":"https:\/\/www.demirlergumruk.com.tr\/en\/insurance-services\/","title":{"rendered":"Insurance Services"},"content":{"rendered":"<div class=\"wpb-content-wrapper\"><p>[vc_row][vc_column]<div id=\"cz_100447\" class=\"cz_100447 cz_title clr cz_mobile_text_center cz_title_pos_inline\"><div class=\"cz_title_content\"><div class=\"cz_wpe_content\"><p><span style=\"font-size: 18px; color: #aaaaaa;\">Demirler Customs Brokerage<\/span><\/p>\n<h3><span style=\"font-size: 36px;\">INSURANCE <span style=\"color: #002699;\">SERVICES<\/span><\/span><\/h3>\n<\/div><\/div><\/div><div id=\"cz_66693\" class=\"cz_66693\"><div class=\"cz_history_1\"><div>[vc_column_text]As is known, it is necessary to declare an insurance policy to the customs where the import will be made for the goods that come with E, F, C and D types of delivery. If an insurance policy is not made, 3% of the value of the goods is added to the tax base as a precedent insurance value. Since this increases the tax base, it affects both the customs tax and the VAT amount.<\/p>\n<p>Therefore, in addition to consultancy services, our company continues its insurance activities on behalf of Zurich Insurance Group in order to minimize the costs of your company and to prevent loss of time. In addition to transportation insurance, compulsory traffic insurance, personal accident insurance, health insurance, automobile insurance etc. We also offer insurance services to our customers.[\/vc_column_text]<div class=\"cz_gap clr \" style=\"height: 75px\"><\/div><\/div><\/div><\/div>[\/vc_column][\/vc_row]<\/p>\n<\/div>","protected":false},"excerpt":{"rendered":"[vc_row][vc_column]Demirler Customs Brokerage INSURANCE SERVICES [vc_column_text]As is known, it is necessary to declare an insurance policy to the customs where","protected":false},"author":1,"featured_media":0,"parent":0,"menu_order":28,"comment_status":"closed","ping_status":"closed","template":"","meta":{"footnotes":""},"class_list":["post-3230","page","type-page","status-publish","hentry"],"yoast_head":"<!-- This site is optimized with the Yoast SEO plugin v27.4 - https:\/\/yoast.com\/product\/yoast-seo-wordpress\/ -->\n<title>Insurance Services - Demirler G\u00fcmr\u00fck M\u00fc\u015favirli\u011fi<\/title>\n<meta name=\"robots\" content=\"index, follow, max-snippet:-1, max-image-preview:large, max-video-preview:-1\" \/>\n<link rel=\"canonical\" href=\"https:\/\/www.demirlergumruk.com.tr\/en\/insurance-services\/\" \/>\n<meta property=\"og:locale\" content=\"en_US\" \/>\n<meta property=\"og:type\" content=\"article\" \/>\n<meta property=\"og:title\" content=\"Insurance Services - Demirler G\u00fcmr\u00fck M\u00fc\u015favirli\u011fi\" \/>\n<meta property=\"og:url\" content=\"https:\/\/www.demirlergumruk.com.tr\/en\/insurance-services\/\" \/>\n<meta property=\"og:site_name\" content=\"Demirler G\u00fcmr\u00fck M\u00fc\u015favirli\u011fi\" \/>\n<meta property=\"article:modified_time\" content=\"2022-02-11T10:54:32+00:00\" \/>\n<meta name=\"twitter:card\" content=\"summary_large_image\" \/>\n<meta name=\"twitter:label1\" content=\"Est. reading time\" \/>\n\t<meta name=\"twitter:data1\" content=\"1 minute\" \/>\n<script type=\"application\/ld+json\" class=\"yoast-schema-graph\">{\"@context\":\"https:\\\/\\\/schema.org\",\"@graph\":[{\"@type\":\"WebPage\",\"@id\":\"https:\\\/\\\/www.demirlergumruk.com.tr\\\/en\\\/insurance-services\\\/\",\"url\":\"https:\\\/\\\/www.demirlergumruk.com.tr\\\/en\\\/insurance-services\\\/\",\"name\":\"Insurance Services - Demirler G\u00fcmr\u00fck M\u00fc\u015favirli\u011fi\",\"isPartOf\":{\"@id\":\"https:\\\/\\\/www.demirlergumruk.com.tr\\\/en\\\/#website\"},\"datePublished\":\"2021-08-31T05:22:07+00:00\",\"dateModified\":\"2022-02-11T10:54:32+00:00\",\"breadcrumb\":{\"@id\":\"https:\\\/\\\/www.demirlergumruk.com.tr\\\/en\\\/insurance-services\\\/#breadcrumb\"},\"inLanguage\":\"en-US\",\"potentialAction\":[{\"@type\":\"ReadAction\",\"target\":[\"https:\\\/\\\/www.demirlergumruk.com.tr\\\/en\\\/insurance-services\\\/\"]}]},{\"@type\":\"BreadcrumbList\",\"@id\":\"https:\\\/\\\/www.demirlergumruk.com.tr\\\/en\\\/insurance-services\\\/#breadcrumb\",\"itemListElement\":[{\"@type\":\"ListItem\",\"position\":1,\"name\":\"Anasayfa\",\"item\":\"https:\\\/\\\/www.demirlergumruk.com.tr\\\/en\\\/\"},{\"@type\":\"ListItem\",\"position\":2,\"name\":\"Insurance Services\"}]},{\"@type\":\"WebSite\",\"@id\":\"https:\\\/\\\/www.demirlergumruk.com.tr\\\/en\\\/#website\",\"url\":\"https:\\\/\\\/www.demirlergumruk.com.tr\\\/en\\\/\",\"name\":\"Demirler G\u00fcmr\u00fck M\u00fc\u015favirli\u011fi\",\"description\":\"Yenilenmeyen Yenilir\",\"publisher\":{\"@id\":\"https:\\\/\\\/www.demirlergumruk.com.tr\\\/en\\\/#organization\"},\"potentialAction\":[{\"@type\":\"SearchAction\",\"target\":{\"@type\":\"EntryPoint\",\"urlTemplate\":\"https:\\\/\\\/www.demirlergumruk.com.tr\\\/en\\\/?s={search_term_string}\"},\"query-input\":{\"@type\":\"PropertyValueSpecification\",\"valueRequired\":true,\"valueName\":\"search_term_string\"}}],\"inLanguage\":\"en-US\"},{\"@type\":\"Organization\",\"@id\":\"https:\\\/\\\/www.demirlergumruk.com.tr\\\/en\\\/#organization\",\"name\":\"Demirler G\u00fcmr\u00fck M\u00fc\u015favirli\u011fi\",\"url\":\"https:\\\/\\\/www.demirlergumruk.com.tr\\\/en\\\/\",\"logo\":{\"@type\":\"ImageObject\",\"inLanguage\":\"en-US\",\"@id\":\"https:\\\/\\\/www.demirlergumruk.com.tr\\\/en\\\/#\\\/schema\\\/logo\\\/image\\\/\",\"url\":\"https:\\\/\\\/www.demirlergumruk.com.tr\\\/wp-content\\\/uploads\\\/2021\\\/08\\\/Demirler_gumruk_logo.png\",\"contentUrl\":\"https:\\\/\\\/www.demirlergumruk.com.tr\\\/wp-content\\\/uploads\\\/2021\\\/08\\\/Demirler_gumruk_logo.png\",\"width\":290,\"height\":137,\"caption\":\"Demirler G\u00fcmr\u00fck M\u00fc\u015favirli\u011fi\"},\"image\":{\"@id\":\"https:\\\/\\\/www.demirlergumruk.com.tr\\\/en\\\/#\\\/schema\\\/logo\\\/image\\\/\"}}]}<\/script>\n<!-- \/ Yoast SEO plugin. -->","yoast_head_json":{"title":"Insurance Services - Demirler G\u00fcmr\u00fck M\u00fc\u015favirli\u011fi","robots":{"index":"index","follow":"follow","max-snippet":"max-snippet:-1","max-image-preview":"max-image-preview:large","max-video-preview":"max-video-preview:-1"},"canonical":"https:\/\/www.demirlergumruk.com.tr\/en\/insurance-services\/","og_locale":"en_US","og_type":"article","og_title":"Insurance Services - Demirler G\u00fcmr\u00fck M\u00fc\u015favirli\u011fi","og_url":"https:\/\/www.demirlergumruk.com.tr\/en\/insurance-services\/","og_site_name":"Demirler G\u00fcmr\u00fck M\u00fc\u015favirli\u011fi","article_modified_time":"2022-02-11T10:54:32+00:00","twitter_card":"summary_large_image","twitter_misc":{"Est. reading time":"1 minute"},"schema":{"@context":"https:\/\/schema.org","@graph":[{"@type":"WebPage","@id":"https:\/\/www.demirlergumruk.com.tr\/en\/insurance-services\/","url":"https:\/\/www.demirlergumruk.com.tr\/en\/insurance-services\/","name":"Insurance Services - Demirler G\u00fcmr\u00fck M\u00fc\u015favirli\u011fi","isPartOf":{"@id":"https:\/\/www.demirlergumruk.com.tr\/en\/#website"},"datePublished":"2021-08-31T05:22:07+00:00","dateModified":"2022-02-11T10:54:32+00:00","breadcrumb":{"@id":"https:\/\/www.demirlergumruk.com.tr\/en\/insurance-services\/#breadcrumb"},"inLanguage":"en-US","potentialAction":[{"@type":"ReadAction","target":["https:\/\/www.demirlergumruk.com.tr\/en\/insurance-services\/"]}]},{"@type":"BreadcrumbList","@id":"https:\/\/www.demirlergumruk.com.tr\/en\/insurance-services\/#breadcrumb","itemListElement":[{"@type":"ListItem","position":1,"name":"Anasayfa","item":"https:\/\/www.demirlergumruk.com.tr\/en\/"},{"@type":"ListItem","position":2,"name":"Insurance Services"}]},{"@type":"WebSite","@id":"https:\/\/www.demirlergumruk.com.tr\/en\/#website","url":"https:\/\/www.demirlergumruk.com.tr\/en\/","name":"Demirler G\u00fcmr\u00fck M\u00fc\u015favirli\u011fi","description":"Yenilenmeyen Yenilir","publisher":{"@id":"https:\/\/www.demirlergumruk.com.tr\/en\/#organization"},"potentialAction":[{"@type":"SearchAction","target":{"@type":"EntryPoint","urlTemplate":"https:\/\/www.demirlergumruk.com.tr\/en\/?s={search_term_string}"},"query-input":{"@type":"PropertyValueSpecification","valueRequired":true,"valueName":"search_term_string"}}],"inLanguage":"en-US"},{"@type":"Organization","@id":"https:\/\/www.demirlergumruk.com.tr\/en\/#organization","name":"Demirler G\u00fcmr\u00fck M\u00fc\u015favirli\u011fi","url":"https:\/\/www.demirlergumruk.com.tr\/en\/","logo":{"@type":"ImageObject","inLanguage":"en-US","@id":"https:\/\/www.demirlergumruk.com.tr\/en\/#\/schema\/logo\/image\/","url":"https:\/\/www.demirlergumruk.com.tr\/wp-content\/uploads\/2021\/08\/Demirler_gumruk_logo.png","contentUrl":"https:\/\/www.demirlergumruk.com.tr\/wp-content\/uploads\/2021\/08\/Demirler_gumruk_logo.png","width":290,"height":137,"caption":"Demirler G\u00fcmr\u00fck M\u00fc\u015favirli\u011fi"},"image":{"@id":"https:\/\/www.demirlergumruk.com.tr\/en\/#\/schema\/logo\/image\/"}}]}},"_links":{"self":[{"href":"https:\/\/www.demirlergumruk.com.tr\/en\/wp-json\/wp\/v2\/pages\/3230","targetHints":{"allow":["GET"]}}],"collection":[{"href":"https:\/\/www.demirlergumruk.com.tr\/en\/wp-json\/wp\/v2\/pages"}],"about":[{"href":"https:\/\/www.demirlergumruk.com.tr\/en\/wp-json\/wp\/v2\/types\/page"}],"author":[{"embeddable":true,"href":"https:\/\/www.demirlergumruk.com.tr\/en\/wp-json\/wp\/v2\/users\/1"}],"replies":[{"embeddable":true,"href":"https:\/\/www.demirlergumruk.com.tr\/en\/wp-json\/wp\/v2\/comments?post=3230"}],"version-history":[{"count":2,"href":"https:\/\/www.demirlergumruk.com.tr\/en\/wp-json\/wp\/v2\/pages\/3230\/revisions"}],"predecessor-version":[{"id":3232,"href":"https:\/\/www.demirlergumruk.com.tr\/en\/wp-json\/wp\/v2\/pages\/3230\/revisions\/3232"}],"wp:attachment":[{"href":"https:\/\/www.demirlergumruk.com.tr\/en\/wp-json\/wp\/v2\/media?parent=3230"}],"curies":[{"name":"wp","href":"https:\/\/api.w.org\/{rel}","templated":true}]}}