{"id":3263,"date":"2021-09-13T13:59:54","date_gmt":"2021-09-13T10:59:54","guid":{"rendered":"https:\/\/www.demirlergumruk.com.tr\/ucretsiz-egitimler\/"},"modified":"2022-02-11T14:35:10","modified_gmt":"2022-02-11T11:35:10","slug":"free-trainings","status":"publish","type":"page","link":"https:\/\/www.demirlergumruk.com.tr\/en\/free-trainings\/","title":{"rendered":"Free Trainings"},"content":{"rendered":"<div class=\"wpb-content-wrapper\"><p>[vc_row][vc_column]<div id=\"cz_37484\" class=\"cz_37484 cz_title clr cz_mobile_text_center cz_title_pos_inline\"><div class=\"cz_title_content\"><div class=\"cz_wpe_content\"><p><span style=\"font-size: 18px; color: #aaaaaa;\">Demirler Customs Brokerage<\/span><\/p>\n<h3><span style=\"font-size: 36px;\"><span style=\"color: #002699;\">OUR FREE <\/span><span style=\"color: #002699;\">TRAININGS<\/span><\/span><\/h3>\n<\/div><\/div><\/div><div id=\"cz_66693\" class=\"cz_66693\"><div class=\"cz_history_1\"><div>[vc_column_text]<\/p>\n<p style=\"text-align: justify;\">The most important stage of Foreign Trade is the consultancy activity before and after import and export. To present the information to you in a timely, accurate and correct manner and to share this information mutually, to carry out feasibility studies of the materials you will import and export, to solve problems, to generate ideas, to develop suggestions, to obtain permits before import and export, and to see all problems in a smooth, trouble-free and fast manner. It is our job to complete your transactions in a way, to determine the documents that will create added value in line with your company&#8217;s needs, to design, execute, finalize and provide high quality consultancy services.<br \/>\nWe provide free training services with our expert staff on all matters needed in the field of Customs Legislation, Investment Incentive Certificate, Inward Processing Permit, State Supports for Exports, Grants, EU Harmonization Programs, Import Permits\/Control Certificates and Foreign Trade<\/p>\n<p>[\/vc_column_text]<div class=\"cz_gap clr \" style=\"height: 40px\"><\/div>[vc_column_text]<span style=\"font-size: 20px;\"><strong><u>OUR FREE EUCATIONAL TOPICS<\/u><\/strong><\/span>[\/vc_column_text]<\/div><\/div><\/div>[\/vc_column][\/vc_row][vc_row][vc_column width=&#8221;1\/2&#8243;]<div id=\"cz_66693\" class=\"cz_66693\"><div class=\"cz_history_1\"><div>[vc_column_text]<strong>CUSTOMS LEGISLATION<\/strong><br \/>\n<strong><span style=\"color: #008000;\">Authorized Economic Operator Status (YYS \u2013 Green Line)<\/span><\/strong><br \/>\n<strong><span style=\"color: #002699;\">Approved Person Status Certificate (OKSB \u2013 Blue Line)<\/span><\/strong><br \/>\nGolden Rules of Import and Export<br \/>\nRecognition of Line Criteria and Documents in Import and Export<br \/>\nPayment and Delivery Methods in Foreign Trade<br \/>\nDemirler Customs Single Window E-Tracking System<br \/>\nCustoms Law and Regulation<br \/>\nCustoms Tariff \/ Asset \/ Origin<br \/>\nPost Control Study<br \/>\nBinding Tariff \/ Binding Origin Information<br \/>\nInternational Agreements \/ Bilateral Agreements<br \/>\nLiquidation Regulation<br \/>\nCustoms Settlement Regulation<br \/>\nEnd Use \/ Outward Processing Permission<br \/>\nOther Legislation<\/p>\n<p><strong>INVESTMENT INCENTIVE CERTIFICATE<\/strong><br \/>\nDefinitions, Description of Document<br \/>\nSupport Elements<br \/>\nConditions for Receiving the Document<br \/>\nProblems Experienced and Solution Suggestions<br \/>\nCorrect and Efficient Use of the Document (IIC internal training)<\/p>\n<p><strong>INTERNAL PROCESSING PERMISSION CERTIFICATE \/ PERMISSION<\/strong><br \/>\nDefinitions, Description of Documents<br \/>\nSupport Elements<br \/>\nConditions for Receiving Documents<br \/>\nDocumentation Usage Program (DIIB internal training)<br \/>\nSecondary Treated Product<br \/>\nSub-Industrialist<br \/>\nSubsidized Products (Sugar, Milk Powder, TMO, Agricultural Returns)<br \/>\nGTIP Study (Both Export and Import)<br \/>\nProduction Flow from Raw Material Purchase to Final Product,<br \/>\nTrade vs. Review in Terms of Ministry Legislation<br \/>\n[\/vc_column_text]<\/div><\/div><\/div>[\/vc_column][vc_column width=&#8221;1\/2&#8243;]<div id=\"cz_66693\" class=\"cz_66693\"><div class=\"cz_history_1\"><div>[vc_column_text]<strong>ISO 27001 Information Security, Certification and Training<br \/>\n<\/strong><strong>Capacity Report Study<br \/>\nPrescription Study<\/strong><\/p>\n<p><strong>GOVERNMENT SUPPORT IN EXPORT<\/strong><br \/>\nGENERAL<br \/>\nThe market research<br \/>\nOffice Store<br \/>\nTURQUALITY<br \/>\nBrand Support<br \/>\nDocumentation Supports<\/p>\n<p><strong>GRANTS<\/strong><br \/>\nR&amp;D Supports<br \/>\nR&amp;D Center<br \/>\nSAN-TEZ<br \/>\nTUBITAK<br \/>\nKOSGEB<\/p>\n<p><strong>EU HARMONIZATION PROGRAMS<\/strong><br \/>\nRural Development<br \/>\nDevelopment Agency<br \/>\nIpard<\/p>\n<p><strong>IMPORT PERMISSIONS \/ CONTROL DOCUMENTS<\/strong><br \/>\nISGUM \/ EMRA<br \/>\nTariff Quota<br \/>\nUsed Machinery Requests<br \/>\nSugar Corporation<br \/>\nMinistry of Health Permits, Controls and Notifications[\/vc_column_text]<\/div><\/div><\/div>[\/vc_column][\/vc_row][vc_row][vc_column]<div class=\"cz_gap clr \" style=\"height: 70px\"><\/div>[\/vc_column][\/vc_row][vc_row][vc_column]<div id=\"cz_69676\" class=\"cz_69676 cz_title clr cz_title_pos_inline\"><div class=\"cz_title_content\"><div class=\"cz_wpe_content\"><h3><span style=\"font-size: 30px;\"><span style=\"vertical-align: inherit;\">TRAINING <\/span><span style=\"color: #002699;\"><span style=\"vertical-align: inherit;\">WE DID<\/span><\/span><\/span><\/h3>\n<\/div><\/div><\/div><div id=\"cz_31282\" class=\"cz_31282 cz_title clr cz_title_pos_inline\"><div class=\"cz_title_content\"><div class=\"cz_wpe_content\"><p style=\"text-align: justify;\">In line with the demands of your companies, according to their fields of activity, we provide oral or written periodic trainings free of charge by our Training Committee, which is expert in their fields.<\/p>\n<div id=\"gtx-trans\" style=\"position: absolute; left: 293px; top: 44.7188px;\">\n<div class=\"gtx-trans-icon\"><\/div>\n<\/div>\n<\/div><\/div><\/div>[vc_gallery interval=&#8221;3&#8243; images=&#8221;2730,2734,2732,2757,2759,2761,2763,2765&#8243; img_size=&#8221;900&#215;400&#8243; css_animation=&#8221;slideInDown&#8221;]<div class=\"clr\"><ul id=\"cz_14451\" class=\"cz_14451 cz_stylish_list clr cz_sl_icon_hover_zoom_in\"><li class=\"clr\"><div class=\"cz_sl_icon\"><i class=\"fa czico-134-arrows-6 mr10\"><\/i><\/div><div><span>You can benefit from free trainings. <small>You can also benefit from our expert trainers free of charge.<\/small><\/span><\/div><\/li><\/ul><\/div><div class=\"cz_btn_right\"><div class=\"cz_92661_p\"><a id=\"cz_92661\" class=\"cz_92661 cz_btn cz_btn_txt_no_fx cz_btn_no_fx\" href=\"https:\/\/www.demirlergumruk.com.tr\/iletisim\/\"><span><strong>Contact Us<\/strong><\/span><b class=\"cz_btn_onhover\"><strong>Contact Us<\/strong><\/b><\/a><\/div><\/div><div class=\"clr\"><\/div>[\/vc_column][\/vc_row]<\/p>\n<\/div>","protected":false},"excerpt":{"rendered":"[vc_row][vc_column]Demirler Customs Brokerage OUR FREE TRAININGS [vc_column_text] The most important stage of Foreign Trade is the consultancy activity before and","protected":false},"author":1,"featured_media":0,"parent":0,"menu_order":20,"comment_status":"closed","ping_status":"closed","template":"","meta":{"footnotes":""},"class_list":["post-3263","page","type-page","status-publish","hentry"],"yoast_head":"<!-- This site is optimized with the Yoast SEO plugin v27.4 - https:\/\/yoast.com\/product\/yoast-seo-wordpress\/ -->\n<title>Free Trainings - Demirler G\u00fcmr\u00fck M\u00fc\u015favirli\u011fi<\/title>\n<meta name=\"robots\" content=\"index, follow, max-snippet:-1, max-image-preview:large, max-video-preview:-1\" \/>\n<link rel=\"canonical\" href=\"https:\/\/www.demirlergumruk.com.tr\/en\/free-trainings\/\" \/>\n<meta property=\"og:locale\" content=\"en_US\" \/>\n<meta property=\"og:type\" content=\"article\" \/>\n<meta property=\"og:title\" content=\"Free Trainings - Demirler G\u00fcmr\u00fck M\u00fc\u015favirli\u011fi\" \/>\n<meta property=\"og:url\" content=\"https:\/\/www.demirlergumruk.com.tr\/en\/free-trainings\/\" \/>\n<meta property=\"og:site_name\" content=\"Demirler G\u00fcmr\u00fck M\u00fc\u015favirli\u011fi\" \/>\n<meta property=\"article:modified_time\" content=\"2022-02-11T11:35:10+00:00\" \/>\n<meta name=\"twitter:card\" content=\"summary_large_image\" \/>\n<meta name=\"twitter:label1\" content=\"Est. reading time\" \/>\n\t<meta name=\"twitter:data1\" content=\"4 minutes\" \/>\n<script type=\"application\/ld+json\" class=\"yoast-schema-graph\">{\"@context\":\"https:\\\/\\\/schema.org\",\"@graph\":[{\"@type\":\"WebPage\",\"@id\":\"https:\\\/\\\/www.demirlergumruk.com.tr\\\/en\\\/free-trainings\\\/\",\"url\":\"https:\\\/\\\/www.demirlergumruk.com.tr\\\/en\\\/free-trainings\\\/\",\"name\":\"Free Trainings - Demirler G\u00fcmr\u00fck M\u00fc\u015favirli\u011fi\",\"isPartOf\":{\"@id\":\"https:\\\/\\\/www.demirlergumruk.com.tr\\\/en\\\/#website\"},\"datePublished\":\"2021-09-13T10:59:54+00:00\",\"dateModified\":\"2022-02-11T11:35:10+00:00\",\"breadcrumb\":{\"@id\":\"https:\\\/\\\/www.demirlergumruk.com.tr\\\/en\\\/free-trainings\\\/#breadcrumb\"},\"inLanguage\":\"en-US\",\"potentialAction\":[{\"@type\":\"ReadAction\",\"target\":[\"https:\\\/\\\/www.demirlergumruk.com.tr\\\/en\\\/free-trainings\\\/\"]}]},{\"@type\":\"BreadcrumbList\",\"@id\":\"https:\\\/\\\/www.demirlergumruk.com.tr\\\/en\\\/free-trainings\\\/#breadcrumb\",\"itemListElement\":[{\"@type\":\"ListItem\",\"position\":1,\"name\":\"Anasayfa\",\"item\":\"https:\\\/\\\/www.demirlergumruk.com.tr\\\/en\\\/\"},{\"@type\":\"ListItem\",\"position\":2,\"name\":\"Free Trainings\"}]},{\"@type\":\"WebSite\",\"@id\":\"https:\\\/\\\/www.demirlergumruk.com.tr\\\/en\\\/#website\",\"url\":\"https:\\\/\\\/www.demirlergumruk.com.tr\\\/en\\\/\",\"name\":\"Demirler G\u00fcmr\u00fck M\u00fc\u015favirli\u011fi\",\"description\":\"Yenilenmeyen Yenilir\",\"publisher\":{\"@id\":\"https:\\\/\\\/www.demirlergumruk.com.tr\\\/en\\\/#organization\"},\"potentialAction\":[{\"@type\":\"SearchAction\",\"target\":{\"@type\":\"EntryPoint\",\"urlTemplate\":\"https:\\\/\\\/www.demirlergumruk.com.tr\\\/en\\\/?s={search_term_string}\"},\"query-input\":{\"@type\":\"PropertyValueSpecification\",\"valueRequired\":true,\"valueName\":\"search_term_string\"}}],\"inLanguage\":\"en-US\"},{\"@type\":\"Organization\",\"@id\":\"https:\\\/\\\/www.demirlergumruk.com.tr\\\/en\\\/#organization\",\"name\":\"Demirler G\u00fcmr\u00fck M\u00fc\u015favirli\u011fi\",\"url\":\"https:\\\/\\\/www.demirlergumruk.com.tr\\\/en\\\/\",\"logo\":{\"@type\":\"ImageObject\",\"inLanguage\":\"en-US\",\"@id\":\"https:\\\/\\\/www.demirlergumruk.com.tr\\\/en\\\/#\\\/schema\\\/logo\\\/image\\\/\",\"url\":\"https:\\\/\\\/www.demirlergumruk.com.tr\\\/wp-content\\\/uploads\\\/2021\\\/08\\\/Demirler_gumruk_logo.png\",\"contentUrl\":\"https:\\\/\\\/www.demirlergumruk.com.tr\\\/wp-content\\\/uploads\\\/2021\\\/08\\\/Demirler_gumruk_logo.png\",\"width\":290,\"height\":137,\"caption\":\"Demirler G\u00fcmr\u00fck M\u00fc\u015favirli\u011fi\"},\"image\":{\"@id\":\"https:\\\/\\\/www.demirlergumruk.com.tr\\\/en\\\/#\\\/schema\\\/logo\\\/image\\\/\"}}]}<\/script>\n<!-- \/ Yoast SEO plugin. -->","yoast_head_json":{"title":"Free Trainings - Demirler G\u00fcmr\u00fck M\u00fc\u015favirli\u011fi","robots":{"index":"index","follow":"follow","max-snippet":"max-snippet:-1","max-image-preview":"max-image-preview:large","max-video-preview":"max-video-preview:-1"},"canonical":"https:\/\/www.demirlergumruk.com.tr\/en\/free-trainings\/","og_locale":"en_US","og_type":"article","og_title":"Free Trainings - Demirler G\u00fcmr\u00fck M\u00fc\u015favirli\u011fi","og_url":"https:\/\/www.demirlergumruk.com.tr\/en\/free-trainings\/","og_site_name":"Demirler G\u00fcmr\u00fck M\u00fc\u015favirli\u011fi","article_modified_time":"2022-02-11T11:35:10+00:00","twitter_card":"summary_large_image","twitter_misc":{"Est. reading time":"4 minutes"},"schema":{"@context":"https:\/\/schema.org","@graph":[{"@type":"WebPage","@id":"https:\/\/www.demirlergumruk.com.tr\/en\/free-trainings\/","url":"https:\/\/www.demirlergumruk.com.tr\/en\/free-trainings\/","name":"Free Trainings - Demirler G\u00fcmr\u00fck M\u00fc\u015favirli\u011fi","isPartOf":{"@id":"https:\/\/www.demirlergumruk.com.tr\/en\/#website"},"datePublished":"2021-09-13T10:59:54+00:00","dateModified":"2022-02-11T11:35:10+00:00","breadcrumb":{"@id":"https:\/\/www.demirlergumruk.com.tr\/en\/free-trainings\/#breadcrumb"},"inLanguage":"en-US","potentialAction":[{"@type":"ReadAction","target":["https:\/\/www.demirlergumruk.com.tr\/en\/free-trainings\/"]}]},{"@type":"BreadcrumbList","@id":"https:\/\/www.demirlergumruk.com.tr\/en\/free-trainings\/#breadcrumb","itemListElement":[{"@type":"ListItem","position":1,"name":"Anasayfa","item":"https:\/\/www.demirlergumruk.com.tr\/en\/"},{"@type":"ListItem","position":2,"name":"Free Trainings"}]},{"@type":"WebSite","@id":"https:\/\/www.demirlergumruk.com.tr\/en\/#website","url":"https:\/\/www.demirlergumruk.com.tr\/en\/","name":"Demirler G\u00fcmr\u00fck M\u00fc\u015favirli\u011fi","description":"Yenilenmeyen Yenilir","publisher":{"@id":"https:\/\/www.demirlergumruk.com.tr\/en\/#organization"},"potentialAction":[{"@type":"SearchAction","target":{"@type":"EntryPoint","urlTemplate":"https:\/\/www.demirlergumruk.com.tr\/en\/?s={search_term_string}"},"query-input":{"@type":"PropertyValueSpecification","valueRequired":true,"valueName":"search_term_string"}}],"inLanguage":"en-US"},{"@type":"Organization","@id":"https:\/\/www.demirlergumruk.com.tr\/en\/#organization","name":"Demirler G\u00fcmr\u00fck M\u00fc\u015favirli\u011fi","url":"https:\/\/www.demirlergumruk.com.tr\/en\/","logo":{"@type":"ImageObject","inLanguage":"en-US","@id":"https:\/\/www.demirlergumruk.com.tr\/en\/#\/schema\/logo\/image\/","url":"https:\/\/www.demirlergumruk.com.tr\/wp-content\/uploads\/2021\/08\/Demirler_gumruk_logo.png","contentUrl":"https:\/\/www.demirlergumruk.com.tr\/wp-content\/uploads\/2021\/08\/Demirler_gumruk_logo.png","width":290,"height":137,"caption":"Demirler G\u00fcmr\u00fck M\u00fc\u015favirli\u011fi"},"image":{"@id":"https:\/\/www.demirlergumruk.com.tr\/en\/#\/schema\/logo\/image\/"}}]}},"_links":{"self":[{"href":"https:\/\/www.demirlergumruk.com.tr\/en\/wp-json\/wp\/v2\/pages\/3263","targetHints":{"allow":["GET"]}}],"collection":[{"href":"https:\/\/www.demirlergumruk.com.tr\/en\/wp-json\/wp\/v2\/pages"}],"about":[{"href":"https:\/\/www.demirlergumruk.com.tr\/en\/wp-json\/wp\/v2\/types\/page"}],"author":[{"embeddable":true,"href":"https:\/\/www.demirlergumruk.com.tr\/en\/wp-json\/wp\/v2\/users\/1"}],"replies":[{"embeddable":true,"href":"https:\/\/www.demirlergumruk.com.tr\/en\/wp-json\/wp\/v2\/comments?post=3263"}],"version-history":[{"count":2,"href":"https:\/\/www.demirlergumruk.com.tr\/en\/wp-json\/wp\/v2\/pages\/3263\/revisions"}],"predecessor-version":[{"id":3307,"href":"https:\/\/www.demirlergumruk.com.tr\/en\/wp-json\/wp\/v2\/pages\/3263\/revisions\/3307"}],"wp:attachment":[{"href":"https:\/\/www.demirlergumruk.com.tr\/en\/wp-json\/wp\/v2\/media?parent=3263"}],"curies":[{"name":"wp","href":"https:\/\/api.w.org\/{rel}","templated":true}]}}