{"id":3324,"date":"2021-08-17T23:21:14","date_gmt":"2021-08-17T20:21:14","guid":{"rendered":"https:\/\/www.demirlergumruk.com.tr\/kalite-standartlarimiz\/"},"modified":"2026-02-03T14:38:35","modified_gmt":"2026-02-03T11:38:35","slug":"our-quality-standards","status":"publish","type":"page","link":"https:\/\/www.demirlergumruk.com.tr\/en\/our-quality-standards\/","title":{"rendered":"Our Quality Standards"},"content":{"rendered":"<div class=\"wpb-content-wrapper\"><p>[vc_row][vc_column]<div class=\"cz_gap clr  hide_on_tablet hide_on_mobile\" style=\"height: 25px\"><\/div><div class=\"cz_gap show_on_tablet clr \" style=\"height: 0px\"><\/div>[\/vc_column][\/vc_row][vc_row][vc_column offset=&#8221;vc_col-md-6&#8243;]<div id=\"cz_31065\" class=\"cz_31065 cz_title clr cz_mobile_text_center cz_title_pos_inline\"><div class=\"cz_title_content\"><div class=\"cz_wpe_content\"><p><span style=\"font-size: 18px; color: #aaaaaa;\">Demirler Customs Brokerage<\/span><\/p>\n<h3><span style=\"font-size: 36px;\">OUR QUALITY <span style=\"color: #002699;\">STANDARDS<\/span><\/span><\/h3>\n<\/div><\/div><\/div><div class=\"cz_gap clr \" style=\"height: 50px\"><\/div><div id=\"cz_41000\" class=\"cz_41000 cz_title clr cz_mobile_text_center cz_title_pos_inline\"><div class=\"cz_title_content\"><div class=\"cz_wpe_content\"><p>As Demir Group, our Quality Policies are;<\/p>\n<p>To fulfill all our commitments with unconditional customer satisfaction by standing behind our word with our experience and expertise in the sector,<\/p>\n<p>&nbsp;<\/p>\n<p>To provide the necessary trainings in order to maintain and improve the competence of the personnel, and to ensure the continuous improvement of the quality management system,<\/p>\n<p>&nbsp;<\/p>\n<p>To prevent possible problems before they occur, by constantly following technological developments and legal regulations, and making necessary warnings on matters that concern our customers,<\/p>\n<p>&nbsp;<\/p>\n<p>To provide faultless service to our customers by foreseeing all possibilities in our transactions with our expert, educated and dynamic staff,<\/p>\n<p>&nbsp;<\/p>\n<p>To provide our customers with services beyond their expectations within the framework of legal regulations, to conclude all their transactions based on the principles of accuracy, trust and speed, and to provide a competitive advantage with our service quality.<\/p>\n<\/div><\/div><\/div><div class=\"cz_gap clr \" style=\"height: 50px\"><\/div><div class=\"clr\"><ul id=\"cz_15231\" class=\"cz_15231 cz_stylish_list clr cz_sl_icon_hover_zoom_in_fade hide_on_desktop hide_on_tablet hide_on_mobile show_on_mobile\"><li class=\"clr\"><div class=\"cz_sl_icon\"><i class=\"fa czico-074-tick-inside-circle mr10\"><\/i><\/div><div><span>More than 20 years of experience<\/span><\/div><\/li><li class=\"clr\"><div class=\"cz_sl_icon\"><i class=\"fa czico-074-tick-inside-circle mr10\"><\/i><\/div><div><span>Over 200k happy customers and finished projects<\/span><\/div><\/li><li class=\"clr\"><div class=\"cz_sl_icon\"><i class=\"fa czico-074-tick-inside-circle mr10\"><\/i><\/div><div><span>It has 30 branches around the world<\/span><\/div><\/li><\/ul><\/div>[\/vc_column][vc_column offset=&#8221;vc_col-md-6&#8243;]<div id=\"cz4145\" class=\"cz4145 slick no_arrows dots_bc dots_circle_outline\" data-slick='{\"selector\":\"\",\"slidesToShow\":1,\"slidesToScroll\":1,\"rows\":1,\"fade\":false,\"vertical\":false,\"verticalSwiping\":false,\"infinite\":true,\"speed\":1000,\"swipeToSlide\":true,\"centerMode\":false,\"centerPadding\":\"\",\"variableWidth\":false,\"autoplay\":false,\"autoplaySpeed\":4000,\"dots\":true,\"counts\":false,\"responsive\":[{\"breakpoint\":769,\"settings\":{\"slidesToShow\":1,\"slidesToScroll\":1,\"infinite\":true,\"touchMove\":true}},{\"breakpoint\":481,\"settings\":{\"slidesToShow\":1,\"slidesToScroll\":1,\"infinite\":true,\"touchMove\":true}}]}' data-slick-prev=\"fa fa-chevron-left\" data-slick-next=\"fa fa-chevron-right\"><div id=\"cz_74717\" class=\"cz_grid_p cz_74717\"><div class=\"cz_grid cz_grid_1 clr cz_grid_carousel cz_grid_1_no_hover cz_grid_1_mid tac cz_grid_disable_links cz_grid_1_no_title\" data-gap=\"0\"><div class=\"cz_grid_item cz_grid_first\"><\/div><div class=\"cz_grid_item \"><div data-title=\"sertifika\"><a class=\"cz_grid_link \" href=\"https:\/\/www.demirlergumruk.com.tr\/wp-content\/uploads\/2022\/10\/sertifika.png\" data-xtra-lightbox><img loading=\"lazy\" decoding=\"async\" width=\"600\" height=\"600\" src=\"https:\/\/www.demirlergumruk.com.tr\/wp-content\/uploads\/2022\/10\/sertifika-600x600.png\" class=\"attachment-codevz_600_600\" alt=\"Sertifika\" title=\"sertifika\" srcset=\"https:\/\/www.demirlergumruk.com.tr\/wp-content\/uploads\/2022\/10\/sertifika-600x600.png 600w, https:\/\/www.demirlergumruk.com.tr\/wp-content\/uploads\/2022\/10\/sertifika-300x300.png 300w, https:\/\/www.demirlergumruk.com.tr\/wp-content\/uploads\/2022\/10\/sertifika-150x150.png 150w, https:\/\/www.demirlergumruk.com.tr\/wp-content\/uploads\/2022\/10\/sertifika-768x768.png 768w, https:\/\/www.demirlergumruk.com.tr\/wp-content\/uploads\/2022\/10\/sertifika.png 1000w\" sizes=\"auto, (max-width: 600px) 100vw, 600px\" loading=\"lazy\" \/><div class=\"cz_grid_details\"><i class=\"fa fa-search cz_grid_icon\"><\/i><\/div><\/a><\/div><\/div><div class=\"cz_grid_item \"><div data-title=\"2021_Januari_66\"><a class=\"cz_grid_link \" href=\"https:\/\/www.demirlergumruk.com.tr\/wp-content\/uploads\/2021\/08\/2021_Januari_66.jpg\" data-xtra-lightbox><img loading=\"lazy\" decoding=\"async\" width=\"600\" height=\"600\" src=\"https:\/\/www.demirlergumruk.com.tr\/wp-content\/uploads\/2021\/08\/2021_Januari_66-600x600.jpg\" class=\"attachment-codevz_600_600\" alt=\"2021 Januari 66\" title=\"2021_Januari_66\" srcset=\"https:\/\/www.demirlergumruk.com.tr\/wp-content\/uploads\/2021\/08\/2021_Januari_66-600x600.jpg 600w, https:\/\/www.demirlergumruk.com.tr\/wp-content\/uploads\/2021\/08\/2021_Januari_66-150x150.jpg 150w\" sizes=\"auto, (max-width: 600px) 100vw, 600px\" loading=\"lazy\" \/><div class=\"cz_grid_details\"><i class=\"fa fa-search cz_grid_icon\"><\/i><\/div><\/a><\/div><\/div><\/div><\/div><\/div><div data-cz-style='#cz4145 .slick-list{margin: 0 -0px;clip-path:inset(0 calc(0px - 1px))}#cz4145 .slick-slide{margin: 0 0px}'><\/div>[\/vc_column][\/vc_row][vc_row][vc_column]<div class=\"cz_gap clr \" style=\"height: 100px\"><\/div>[\/vc_column][\/vc_row][vc_row][vc_column offset=&#8221;vc_col-lg-3 vc_col-md-4&#8243;]<a href=\"https:\/\/www.demirlergumruk.com.tr\/wp-content\/uploads\/2026\/02\/demirler27001en.jpg\" data-xtra-lightbox><div id=\"cz_72066\" data-position=\"top-right\" class=\"cz_72066 cz_image clr cz_image_no_fx center_on_mobile\"><div class=\"\" ><div class=\"cz_image_in\"><div class=\"cz_main_image\"><img fetchpriority=\"high\" fetchpriority=\"high\" loading=\"eager\" decoding=\"sync\" data-no-lazy=\"1\" class=\"\" src=\"https:\/\/www.demirlergumruk.com.tr\/wp-content\/uploads\/2026\/02\/demirler27001en-400x500.jpg\" width=\"400\" height=\"500\" alt=\"demirler27001en\" title=\"demirler27001en\" \/><\/div><\/div><\/div><\/div><\/a><div class=\"cz_gap clr \" style=\"height: 20px\"><\/div>[\/vc_column][vc_column offset=&#8221;vc_col-lg-9 vc_col-md-8&#8243;]<div id=\"cz_83947\" class=\"cz_83947\"><div class=\"cz_history_1\"><div><div id=\"cz_18271\" class=\"cz_18271 cz_title clr cz_title_pos_inline\"><div class=\"cz_title_content\"><div class=\"cz_wpe_content\"><h3><span style=\"font-size: 20px;\">INFORMATION SECURITY MANAGEMENT SYSTEM<\/span><\/h3>\n<\/div><\/div><\/div>[vc_column_text]<\/p>\n<p style=\"text-align: justify;\">Information is a valuable asset. It must be protected at all costs. This standard will help coordinate all of your company&#8217;s security efforts, both electronically and physically. Businesses and institutions that implement ISO 27001 gain enormous advantages. It will show potential customers that the security of personal and business information is taken seriously. It will ensure that a coherent and cost-effective approach to information management exists.<\/p>\n<p>[\/vc_column_text]<div class=\"cz_gap clr \" style=\"height: 75px\"><\/div><\/div><\/div><\/div>[\/vc_column][\/vc_row][vc_row][vc_column offset=&#8221;vc_col-lg-3 vc_col-md-4&#8243;]<a href=\"https:\/\/www.demirlergumruk.com.tr\/wp-content\/uploads\/2026\/02\/demirler9001en.jpg\" data-xtra-lightbox><div id=\"cz_50627\" data-position=\"top-right\" class=\"cz_50627 cz_image clr cz_image_no_fx center_on_mobile\"><div class=\"\" ><div class=\"cz_image_in\"><div class=\"cz_main_image\"><img decoding=\"async\" class=\"\" src=\"https:\/\/www.demirlergumruk.com.tr\/wp-content\/uploads\/2026\/02\/demirler9001en-400x500.jpg\" width=\"400\" height=\"500\" alt=\"demirler9001en\" title=\"demirler9001en\" \/><\/div><\/div><\/div><\/div><\/a><div class=\"cz_gap clr \" style=\"height: 20px\"><\/div>[\/vc_column][vc_column offset=&#8221;vc_col-lg-9 vc_col-md-8&#8243;]<div id=\"cz_81514\" class=\"cz_81514\"><div class=\"cz_history_1\"><div><div id=\"cz_80728\" class=\"cz_80728 cz_title clr cz_title_pos_inline\"><div class=\"cz_title_content\"><div class=\"cz_wpe_content\"><h3><span style=\"font-size: 20px;\">QUALITY MANAGEMENT SYSTEM<\/span><\/h3>\n<div id=\"gtx-trans\" style=\"position: absolute; left: 157px; top: -6.28125px;\">\n<div class=\"gtx-trans-icon\"><\/div>\n<\/div>\n<\/div><\/div><\/div>[vc_column_text]<\/p>\n<p style=\"text-align: justify;\"><strong>ISO 9001 Certificate<\/strong> is an international quality standard certificate and it is also called the <strong>iso certificate<\/strong> because it is the most used document. The 9001 code brought to the end means quality management system. <strong>ISO 9001 Quality Management System Certificate<\/strong> is also known as QMS <em>(Quality Management System)<\/em>. The quality management system is the common language all over the world. <strong>The ISO 9001: 2015<\/strong> certificate is applicable in all organizations.<\/p>\n<p>[\/vc_column_text]<div class=\"cz_gap clr \" style=\"height: 75px\"><\/div><\/div><\/div><\/div>[\/vc_column][\/vc_row][vc_row][vc_column offset=&#8221;vc_col-lg-3 vc_col-md-4&#8243;]<a href=\"https:\/\/www.demirlergumruk.com.tr\/wp-content\/uploads\/2026\/02\/demirler37001tr.jpg\" data-xtra-lightbox><div id=\"cz_44119\" data-position=\"top-right\" class=\"cz_44119 cz_image clr cz_image_no_fx center_on_mobile\"><div class=\"\" ><div class=\"cz_image_in\"><div class=\"cz_main_image\"><img decoding=\"async\" class=\"\" src=\"https:\/\/www.demirlergumruk.com.tr\/wp-content\/uploads\/2026\/02\/demirler37001tr-400x500.jpg\" width=\"400\" height=\"500\" alt=\"demirler37001tr\" title=\"demirler37001tr\" \/><\/div><\/div><\/div><\/div><\/a><div class=\"cz_gap clr \" style=\"height: 20px\"><\/div>[\/vc_column][vc_column offset=&#8221;vc_col-lg-9 vc_col-md-8&#8243;]<div id=\"cz_81514\" class=\"cz_81514\"><div class=\"cz_history_1\"><div><div id=\"cz_45626\" class=\"cz_45626 cz_title clr cz_title_pos_inline\"><div class=\"cz_title_content\"><div class=\"cz_wpe_content\"><h3><span style=\"font-size: 20px;\">ANTI-BRIBERY MANAGEMENT SYSTEM<\/span><\/h3>\n<div id=\"gtx-trans\" style=\"position: absolute; left: 157px; top: -6.28125px;\">\n<div class=\"gtx-trans-icon\"><\/div>\n<\/div>\n<\/div><\/div><\/div>[vc_column_text]<\/p>\n<p style=\"text-align: justify;\"><strong>ISO 37001<\/strong> is an anti-corruption management system standard designed to help organizations to prevent, to detect and to deal with corruption. The system encourages the development of both a culture of transparency and a culture of integrity and the expansion of effective measures to prevent and resolve corruption-related problems.<\/p>\n<p>[\/vc_column_text]<div class=\"cz_gap clr \" style=\"height: 75px\"><\/div><\/div><\/div><\/div>[\/vc_column][\/vc_row][vc_row][vc_column offset=&#8221;vc_col-lg-3 vc_col-md-4&#8243;]<a href=\"https:\/\/www.demirlergumruk.com.tr\/wp-content\/uploads\/2026\/02\/demirler45001tr.jpg\" data-xtra-lightbox><div id=\"cz_103069\" data-position=\"top-right\" class=\"cz_103069 cz_image clr cz_image_no_fx center_on_mobile\"><div class=\"\" ><div class=\"cz_image_in\"><div class=\"cz_main_image\"><img decoding=\"async\" class=\"\" src=\"https:\/\/www.demirlergumruk.com.tr\/wp-content\/uploads\/2026\/02\/demirler45001tr-400x500.jpg\" width=\"400\" height=\"500\" alt=\"demirler45001tr\" title=\"demirler45001tr\" \/><\/div><\/div><\/div><\/div><\/a><div class=\"cz_gap clr \" style=\"height: 20px\"><\/div>[\/vc_column][vc_column offset=&#8221;vc_col-lg-9 vc_col-md-8&#8243;]<div id=\"cz_106006\" class=\"cz_106006\"><div class=\"cz_history_1\"><div><div id=\"cz_88464\" class=\"cz_88464 cz_title clr cz_title_pos_inline\"><div class=\"cz_title_content\"><div class=\"cz_wpe_content\"><h3><span style=\"font-size: 20px;\">OCCUPATIONAL HEALTH AND SAFETY MANAGEMENT SYSTEM<\/span><\/h3>\n<\/div><\/div><\/div>[vc_column_text]<\/p>\n<p style=\"text-align: justify;\">The main purpose of <strong>ISO 45001<\/strong> is; to create and manage a healthy and safe working environment by eliminating or minimizing the risks in question in the light of the legal regulations regarding occupational health and safety. To explain in more detail, the objectives of ISO 45001 that we can gather under three main headings are as follows;<\/p>\n<p style=\"text-align: justify;\"><strong>1) Protecting employees,<br \/>\n<\/strong><strong>2) Ensuring production safety,<\/strong><br \/>\n<strong>3) Ensuring operational safety<\/strong>[\/vc_column_text]<div class=\"cz_gap clr \" style=\"height: 75px\"><\/div><\/div><\/div><\/div>[\/vc_column][\/vc_row][vc_row][vc_column offset=&#8221;vc_col-lg-3 vc_col-md-4&#8243;]<a href=\"https:\/\/www.demirlergumruk.com.tr\/wp-content\/uploads\/2026\/02\/demirler10002tr.jpg\" data-xtra-lightbox><div id=\"cz_96908\" data-position=\"top-right\" class=\"cz_96908 cz_image clr cz_image_no_fx center_on_mobile\"><div class=\"\" ><div class=\"cz_image_in\"><div class=\"cz_main_image\"><img loading=\"lazy\" decoding=\"async\" class=\"\" src=\"https:\/\/www.demirlergumruk.com.tr\/wp-content\/uploads\/2026\/02\/demirler10002tr-400x500.jpg\" width=\"400\" height=\"500\" alt=\"demirler10002tr\" title=\"demirler10002tr\" \/><\/div><\/div><\/div><\/div><\/a>[\/vc_column][vc_column offset=&#8221;vc_col-lg-9 vc_col-md-8&#8243;]<div id=\"cz_81514\" class=\"cz_81514\"><div class=\"cz_history_1\"><div><div id=\"cz_51827\" class=\"cz_51827 cz_title clr cz_title_pos_inline\"><div class=\"cz_title_content\"><div class=\"cz_wpe_content\"><h3><span style=\"font-size: 20px;\">CUSTOMER SATISFACTION AND COMPLAINT MANAGEMENT SYSTEM<\/span><\/h3>\n<div id=\"gtx-trans\" style=\"position: absolute; left: 157px; top: -6.28125px;\">\n<div class=\"gtx-trans-icon\"><\/div>\n<\/div>\n<\/div><\/div><\/div>[vc_column_text]<\/p>\n<p style=\"text-align: justify;\"><strong>What are the Benefits of ISO 10002 Customer Satisfaction Management System?<\/strong><\/p>\n<ul>\n<li>Shows the way to be followed in line with the feedbacks from the customers.<\/li>\n<li>Improves the awareness and attention of employees on customer complaints.<\/li>\n<li>Shows that the customer cares.<\/li>\n<li>Provides customer satisfaction.<\/li>\n<li>Provides solution opportunities by preventing the repetition of complaints.<\/li>\n<li>Increases the reputation of the organization.<\/li>\n<li>Reduces customer retention costs.<\/li>\n<\/ul>\n<p>[\/vc_column_text]<div class=\"cz_gap clr \" style=\"height: 75px\"><\/div><\/div><\/div><\/div>[\/vc_column][\/vc_row][vc_row][vc_column]<div class=\"cz_gap clr  hide_on_tablet hide_on_mobile\" style=\"height: 120px\"><\/div><div class=\"cz_gap show_on_tablet clr \" style=\"height: 100px\"><\/div>[\/vc_column][\/vc_row][vc_row][vc_column]<div id=\"cz_106293\" class=\"cz_106293 cz_title clr cz_title_pos_inline tac\"><div class=\"cz_title_content\"><div class=\"cz_wpe_content\"><p style=\"text-align: center;\"><span style=\"font-size: 18px; color: #aaaaaa;\">DEMIR GROUP<\/span><\/p>\n<h3 style=\"text-align: center;\"><span style=\"font-size: 36px;\">OUR <span style=\"color: #002699;\">TRADEMARKS<\/span><\/span><\/h3>\n<\/div><\/div><\/div><div class=\"cz_gap clr \" style=\"height: 50px\"><\/div>[\/vc_column][\/vc_row][vc_row][vc_column]<div id=\"cz_14466\" class=\"cz_grid_p cz_14466\"><div class=\"cz_grid cz_grid_1 clr cz_grid_c4 cz_grid_1_no_title cz_grid_1_mid tac cz_grid_1_no_title\"><div class=\"cz_grid_item cz_grid_first\"><\/div><div class=\"cz_grid_item \"><div data-title=\"04862\"><a class=\"cz_grid_link \" href=\"https:\/\/www.demirlergumruk.com.tr\/wp-content\/uploads\/2022\/10\/04862.jpg\" data-xtra-lightbox><img loading=\"lazy\" decoding=\"async\" class=\"\" src=\"https:\/\/www.demirlergumruk.com.tr\/wp-content\/uploads\/2022\/10\/04862-400x500.jpg\" width=\"400\" height=\"500\" alt=\"04862\" title=\"04862\" \/><div class=\"cz_grid_details\"><i class=\"fa fa-search cz_grid_icon\"><\/i><\/div><\/a><\/div><\/div><div class=\"cz_grid_item \"><div data-title=\"03423\"><a class=\"cz_grid_link \" href=\"https:\/\/www.demirlergumruk.com.tr\/wp-content\/uploads\/2022\/10\/03423.jpg\" data-xtra-lightbox><img loading=\"lazy\" decoding=\"async\" class=\"\" src=\"https:\/\/www.demirlergumruk.com.tr\/wp-content\/uploads\/2022\/10\/03423-400x500.jpg\" width=\"400\" height=\"500\" alt=\"03423\" title=\"03423\" \/><div class=\"cz_grid_details\"><i class=\"fa fa-search cz_grid_icon\"><\/i><\/div><\/a><\/div><\/div><div class=\"cz_grid_item \"><div data-title=\"03422\"><a class=\"cz_grid_link \" href=\"https:\/\/www.demirlergumruk.com.tr\/wp-content\/uploads\/2022\/10\/03422.jpg\" data-xtra-lightbox><img loading=\"lazy\" decoding=\"async\" class=\"\" src=\"https:\/\/www.demirlergumruk.com.tr\/wp-content\/uploads\/2022\/10\/03422-400x500.jpg\" width=\"400\" height=\"500\" alt=\"03422\" title=\"03422\" \/><div class=\"cz_grid_details\"><i class=\"fa fa-search cz_grid_icon\"><\/i><\/div><\/a><\/div><\/div><\/div><\/div><div id=\"cz_25089\" class=\"cz_grid_p cz_25089\"><div class=\"cz_grid cz_grid_1 clr cz_grid_c4 cz_grid_1_no_title cz_grid_1_mid tac cz_grid_1_no_title\"><div class=\"cz_grid_item cz_grid_first\"><\/div><\/div><\/div>[\/vc_column][\/vc_row]<\/p>\n<\/div>","protected":false},"excerpt":{"rendered":"<p>[vc_column offset=&#8221;vc_col-lg-3 &#8230; <\/p>\n","protected":false},"author":1,"featured_media":0,"parent":0,"menu_order":30,"comment_status":"closed","ping_status":"closed","template":"","meta":{"footnotes":""},"class_list":["post-3324","page","type-page","status-publish","hentry"],"yoast_head":"<!-- This site is optimized with the Yoast SEO plugin v27.4 - https:\/\/yoast.com\/product\/yoast-seo-wordpress\/ -->\n<title>Our Quality Standards - Demirler G\u00fcmr\u00fck M\u00fc\u015favirli\u011fi<\/title>\n<meta name=\"robots\" content=\"index, follow, max-snippet:-1, max-image-preview:large, max-video-preview:-1\" \/>\n<link rel=\"canonical\" href=\"https:\/\/www.demirlergumruk.com.tr\/en\/our-quality-standards\/\" \/>\n<meta property=\"og:locale\" content=\"en_US\" \/>\n<meta property=\"og:type\" content=\"article\" \/>\n<meta property=\"og:title\" content=\"Our Quality Standards - Demirler G\u00fcmr\u00fck M\u00fc\u015favirli\u011fi\" \/>\n<meta property=\"og:description\" content=\"[vc_column offset=&#8221;vc_col-lg-3 ...\" \/>\n<meta property=\"og:url\" content=\"https:\/\/www.demirlergumruk.com.tr\/en\/our-quality-standards\/\" \/>\n<meta property=\"og:site_name\" content=\"Demirler G\u00fcmr\u00fck M\u00fc\u015favirli\u011fi\" \/>\n<meta property=\"article:modified_time\" content=\"2026-02-03T11:38:35+00:00\" \/>\n<meta name=\"twitter:card\" content=\"summary_large_image\" \/>\n<meta name=\"twitter:label1\" content=\"Est. reading time\" \/>\n\t<meta name=\"twitter:data1\" content=\"7 minutes\" \/>\n<script type=\"application\/ld+json\" class=\"yoast-schema-graph\">{\"@context\":\"https:\\\/\\\/schema.org\",\"@graph\":[{\"@type\":\"WebPage\",\"@id\":\"https:\\\/\\\/www.demirlergumruk.com.tr\\\/en\\\/our-quality-standards\\\/\",\"url\":\"https:\\\/\\\/www.demirlergumruk.com.tr\\\/en\\\/our-quality-standards\\\/\",\"name\":\"Our Quality Standards - Demirler G\u00fcmr\u00fck M\u00fc\u015favirli\u011fi\",\"isPartOf\":{\"@id\":\"https:\\\/\\\/www.demirlergumruk.com.tr\\\/en\\\/#website\"},\"datePublished\":\"2021-08-17T20:21:14+00:00\",\"dateModified\":\"2026-02-03T11:38:35+00:00\",\"breadcrumb\":{\"@id\":\"https:\\\/\\\/www.demirlergumruk.com.tr\\\/en\\\/our-quality-standards\\\/#breadcrumb\"},\"inLanguage\":\"en-US\",\"potentialAction\":[{\"@type\":\"ReadAction\",\"target\":[\"https:\\\/\\\/www.demirlergumruk.com.tr\\\/en\\\/our-quality-standards\\\/\"]}]},{\"@type\":\"BreadcrumbList\",\"@id\":\"https:\\\/\\\/www.demirlergumruk.com.tr\\\/en\\\/our-quality-standards\\\/#breadcrumb\",\"itemListElement\":[{\"@type\":\"ListItem\",\"position\":1,\"name\":\"Anasayfa\",\"item\":\"https:\\\/\\\/www.demirlergumruk.com.tr\\\/en\\\/\"},{\"@type\":\"ListItem\",\"position\":2,\"name\":\"Our Quality Standards\"}]},{\"@type\":\"WebSite\",\"@id\":\"https:\\\/\\\/www.demirlergumruk.com.tr\\\/en\\\/#website\",\"url\":\"https:\\\/\\\/www.demirlergumruk.com.tr\\\/en\\\/\",\"name\":\"Demirler G\u00fcmr\u00fck M\u00fc\u015favirli\u011fi\",\"description\":\"Yenilenmeyen Yenilir\",\"publisher\":{\"@id\":\"https:\\\/\\\/www.demirlergumruk.com.tr\\\/en\\\/#organization\"},\"potentialAction\":[{\"@type\":\"SearchAction\",\"target\":{\"@type\":\"EntryPoint\",\"urlTemplate\":\"https:\\\/\\\/www.demirlergumruk.com.tr\\\/en\\\/?s={search_term_string}\"},\"query-input\":{\"@type\":\"PropertyValueSpecification\",\"valueRequired\":true,\"valueName\":\"search_term_string\"}}],\"inLanguage\":\"en-US\"},{\"@type\":\"Organization\",\"@id\":\"https:\\\/\\\/www.demirlergumruk.com.tr\\\/en\\\/#organization\",\"name\":\"Demirler G\u00fcmr\u00fck M\u00fc\u015favirli\u011fi\",\"url\":\"https:\\\/\\\/www.demirlergumruk.com.tr\\\/en\\\/\",\"logo\":{\"@type\":\"ImageObject\",\"inLanguage\":\"en-US\",\"@id\":\"https:\\\/\\\/www.demirlergumruk.com.tr\\\/en\\\/#\\\/schema\\\/logo\\\/image\\\/\",\"url\":\"https:\\\/\\\/www.demirlergumruk.com.tr\\\/wp-content\\\/uploads\\\/2021\\\/08\\\/Demirler_gumruk_logo.png\",\"contentUrl\":\"https:\\\/\\\/www.demirlergumruk.com.tr\\\/wp-content\\\/uploads\\\/2021\\\/08\\\/Demirler_gumruk_logo.png\",\"width\":290,\"height\":137,\"caption\":\"Demirler G\u00fcmr\u00fck M\u00fc\u015favirli\u011fi\"},\"image\":{\"@id\":\"https:\\\/\\\/www.demirlergumruk.com.tr\\\/en\\\/#\\\/schema\\\/logo\\\/image\\\/\"}}]}<\/script>\n<!-- \/ Yoast SEO plugin. -->","yoast_head_json":{"title":"Our Quality Standards - Demirler G\u00fcmr\u00fck M\u00fc\u015favirli\u011fi","robots":{"index":"index","follow":"follow","max-snippet":"max-snippet:-1","max-image-preview":"max-image-preview:large","max-video-preview":"max-video-preview:-1"},"canonical":"https:\/\/www.demirlergumruk.com.tr\/en\/our-quality-standards\/","og_locale":"en_US","og_type":"article","og_title":"Our Quality Standards - Demirler G\u00fcmr\u00fck M\u00fc\u015favirli\u011fi","og_description":"[vc_column offset=&#8221;vc_col-lg-3 ...","og_url":"https:\/\/www.demirlergumruk.com.tr\/en\/our-quality-standards\/","og_site_name":"Demirler G\u00fcmr\u00fck M\u00fc\u015favirli\u011fi","article_modified_time":"2026-02-03T11:38:35+00:00","twitter_card":"summary_large_image","twitter_misc":{"Est. reading time":"7 minutes"},"schema":{"@context":"https:\/\/schema.org","@graph":[{"@type":"WebPage","@id":"https:\/\/www.demirlergumruk.com.tr\/en\/our-quality-standards\/","url":"https:\/\/www.demirlergumruk.com.tr\/en\/our-quality-standards\/","name":"Our Quality Standards - Demirler G\u00fcmr\u00fck M\u00fc\u015favirli\u011fi","isPartOf":{"@id":"https:\/\/www.demirlergumruk.com.tr\/en\/#website"},"datePublished":"2021-08-17T20:21:14+00:00","dateModified":"2026-02-03T11:38:35+00:00","breadcrumb":{"@id":"https:\/\/www.demirlergumruk.com.tr\/en\/our-quality-standards\/#breadcrumb"},"inLanguage":"en-US","potentialAction":[{"@type":"ReadAction","target":["https:\/\/www.demirlergumruk.com.tr\/en\/our-quality-standards\/"]}]},{"@type":"BreadcrumbList","@id":"https:\/\/www.demirlergumruk.com.tr\/en\/our-quality-standards\/#breadcrumb","itemListElement":[{"@type":"ListItem","position":1,"name":"Anasayfa","item":"https:\/\/www.demirlergumruk.com.tr\/en\/"},{"@type":"ListItem","position":2,"name":"Our Quality Standards"}]},{"@type":"WebSite","@id":"https:\/\/www.demirlergumruk.com.tr\/en\/#website","url":"https:\/\/www.demirlergumruk.com.tr\/en\/","name":"Demirler G\u00fcmr\u00fck M\u00fc\u015favirli\u011fi","description":"Yenilenmeyen Yenilir","publisher":{"@id":"https:\/\/www.demirlergumruk.com.tr\/en\/#organization"},"potentialAction":[{"@type":"SearchAction","target":{"@type":"EntryPoint","urlTemplate":"https:\/\/www.demirlergumruk.com.tr\/en\/?s={search_term_string}"},"query-input":{"@type":"PropertyValueSpecification","valueRequired":true,"valueName":"search_term_string"}}],"inLanguage":"en-US"},{"@type":"Organization","@id":"https:\/\/www.demirlergumruk.com.tr\/en\/#organization","name":"Demirler G\u00fcmr\u00fck M\u00fc\u015favirli\u011fi","url":"https:\/\/www.demirlergumruk.com.tr\/en\/","logo":{"@type":"ImageObject","inLanguage":"en-US","@id":"https:\/\/www.demirlergumruk.com.tr\/en\/#\/schema\/logo\/image\/","url":"https:\/\/www.demirlergumruk.com.tr\/wp-content\/uploads\/2021\/08\/Demirler_gumruk_logo.png","contentUrl":"https:\/\/www.demirlergumruk.com.tr\/wp-content\/uploads\/2021\/08\/Demirler_gumruk_logo.png","width":290,"height":137,"caption":"Demirler G\u00fcmr\u00fck M\u00fc\u015favirli\u011fi"},"image":{"@id":"https:\/\/www.demirlergumruk.com.tr\/en\/#\/schema\/logo\/image\/"}}]}},"_links":{"self":[{"href":"https:\/\/www.demirlergumruk.com.tr\/en\/wp-json\/wp\/v2\/pages\/3324","targetHints":{"allow":["GET"]}}],"collection":[{"href":"https:\/\/www.demirlergumruk.com.tr\/en\/wp-json\/wp\/v2\/pages"}],"about":[{"href":"https:\/\/www.demirlergumruk.com.tr\/en\/wp-json\/wp\/v2\/types\/page"}],"author":[{"embeddable":true,"href":"https:\/\/www.demirlergumruk.com.tr\/en\/wp-json\/wp\/v2\/users\/1"}],"replies":[{"embeddable":true,"href":"https:\/\/www.demirlergumruk.com.tr\/en\/wp-json\/wp\/v2\/comments?post=3324"}],"version-history":[{"count":12,"href":"https:\/\/www.demirlergumruk.com.tr\/en\/wp-json\/wp\/v2\/pages\/3324\/revisions"}],"predecessor-version":[{"id":4270,"href":"https:\/\/www.demirlergumruk.com.tr\/en\/wp-json\/wp\/v2\/pages\/3324\/revisions\/4270"}],"wp:attachment":[{"href":"https:\/\/www.demirlergumruk.com.tr\/en\/wp-json\/wp\/v2\/media?parent=3324"}],"curies":[{"name":"wp","href":"https:\/\/api.w.org\/{rel}","templated":true}]}}