{"id":3360,"date":"2021-09-26T12:35:09","date_gmt":"2021-09-26T09:35:09","guid":{"rendered":"https:\/\/www.demirlergumruk.com.tr\/gerekli-evraklar\/"},"modified":"2022-02-12T14:47:24","modified_gmt":"2022-02-12T11:47:24","slug":"necessary-documents","status":"publish","type":"page","link":"https:\/\/www.demirlergumruk.com.tr\/en\/necessary-documents\/","title":{"rendered":"Necessary Documents"},"content":{"rendered":"<div class=\"wpb-content-wrapper\"><p>[vc_row full_width=&#8221;stretch_row&#8221; css=&#8221;.vc_custom_1632640549554{padding-bottom: 40px !important;}&#8221;][vc_column width=&#8221;1\/4&#8243; offset=&#8221;vc_hidden-sm vc_hidden-xs&#8221;]<div class=\"cz_eqh cz_content_box_parent_fx  \"><div id=\"cz_30574\" class=\"cz_30574 cz_content_box clr\"><div class=\"cz_box_front clr\"><div class=\"cz_box_front_inner clr \"><span><\/span><div><div class=\"cz_gap clr \" style=\"height: 5px\"><\/div><div id=\"cz_65223\" class=\"cz_65223 cz_title clr cz_title_has_icon cz_title_pos_block\"><div class=\"cz_title_content\"><div class=\"cz_wpe_content\"><p><span style=\"font-size: 28px;\"><strong><span style=\"vertical-align: inherit;\">CUSTOMER<\/span><\/strong><\/span><\/p>\n<h3 style=\"line-height: 1;\"><span style=\"font-size: 28px;\"><strong><span style=\"vertical-align: inherit;\">PANEL<\/span><\/strong><\/span><\/h3>\n<\/div><i class=\"cz_title_icon_after fa czico-134-arrows-6 icon_after\"><\/i><\/div><\/div><\/div><\/div><\/div><\/div><\/div>[\/vc_column][vc_column width=&#8221;1\/4&#8243; offset=&#8221;vc_hidden-sm vc_hidden-xs&#8221;]<div class=\"cz_btn_block\"><div class=\"cz_27329_p\"><a id=\"cz_27329\" class=\"cz_27329 cz_btn cz_btn_ghost_icon cz_btn_no_fx cz_btn_icon_after\" href=\"https:\/\/uygulama.gtb.gov.tr\/FirmaVekalet\/(S(e34py11t5vc3zvjdf3moorga))\/Login\/Login.aspx?ref=dafbf3fb01fa304e370ad6e0ac3cacb0cfb4\" target=\"_blank\" title=\"Company File Query\" role=\"button\" tabindex=\"0\" aria-label=\"Company File Query\"><span><strong>Company File Query<\/strong><i class=\"fa fa-angle-double-right\"><\/i><\/span><b class=\"cz_btn_onhover\"><strong>Company File Query<\/strong><i class=\"fa fa-angle-double-right\"><\/i><\/b><\/a><\/div><\/div><div class=\"cz_gap clr \" style=\"height: 17px\"><\/div><div class=\"cz_btn_block\"><div class=\"cz_52056_p\"><a id=\"cz_52056\" class=\"cz_52056 cz_btn cz_btn_ghost_icon cz_btn_no_fx cz_btn_icon_after\" href=\"https:\/\/uygulama.gtb.gov.tr\/BeyannameSorgulama\/\" target=\"_blank\" title=\"VEDOP Query\" role=\"button\" tabindex=\"0\" aria-label=\"VEDOP Query\"><span><strong>VEDOP Query<\/strong><i class=\"fa fa-angle-double-right\"><\/i><\/span><b class=\"cz_btn_onhover\"><strong>VEDOP Query<\/strong><i class=\"fa fa-angle-double-right\"><\/i><\/b><\/a><\/div><\/div><div class=\"cz_gap clr \" style=\"height: 17px\"><\/div><div class=\"cz_btn_block\"><div class=\"cz_89827_p\"><a id=\"cz_89827\" class=\"cz_89827 cz_btn cz_btn_ghost_icon cz_btn_no_fx cz_btn_icon_after\" href=\"https:\/\/www.demirlergumruk.com.tr\/en\/necessary-legislations\/\" title=\"Necessary Legislations\" role=\"button\" tabindex=\"0\" aria-label=\"Necessary Legislations\"><span><strong>Necessary Legislations<\/strong><i class=\"fa fa-angle-double-right\"><\/i><\/span><b class=\"cz_btn_onhover\"><strong>Necessary Legislations<\/strong><i class=\"fa fa-angle-double-right\"><\/i><\/b><\/a><\/div><\/div><div class=\"cz_gap clr \" style=\"height: 17px\"><\/div><div class=\"cz_btn_block\"><div class=\"cz_78579_p\"><a id=\"cz_78579\" class=\"cz_78579 cz_btn cz_btn_ghost_icon cz_btn_no_fx cz_btn_icon_after\" href=\"https:\/\/www.demirlergumruk.com.tr\/en\/application-authorities\/\" title=\"Application Authorities\" role=\"button\" tabindex=\"0\" aria-label=\"Application Authorities\"><span><strong>Application Authorities<\/strong><i class=\"fa fa-angle-double-right\"><\/i><\/span><b class=\"cz_btn_onhover\"><strong>Application Authorities<\/strong><i class=\"fa fa-angle-double-right\"><\/i><\/b><\/a><\/div><\/div><div class=\"cz_gap clr \" style=\"height: 20px\"><\/div>[\/vc_column][vc_column width=&#8221;1\/4&#8243; offset=&#8221;vc_hidden-sm vc_hidden-xs&#8221;]<div class=\"cz_btn_block\"><div class=\"cz_51764_p\"><a id=\"cz_51764\" class=\"cz_51764 cz_btn cz_btn_ghost_icon cz_btn_no_fx cz_btn_icon_after\" href=\"https:\/\/www.demirlergumruk.com.tr\/en\/incoterms\/\" title=\"Incoterms\" role=\"button\" tabindex=\"0\" aria-label=\"Incoterms\"><span><strong>Incoterms<\/strong><i class=\"fa fa-angle-double-right\"><\/i><\/span><b class=\"cz_btn_onhover\"><strong>Incoterms<\/strong><i class=\"fa fa-angle-double-right\"><\/i><\/b><\/a><\/div><\/div><div class=\"cz_gap clr \" style=\"height: 17px\"><\/div><div class=\"cz_btn_block\"><div class=\"cz_83021_p\"><a id=\"cz_83021\" class=\"cz_83021 cz_btn cz_btn_ghost_icon cz_btn_no_fx cz_btn_icon_after\" href=\"https:\/\/www.demirlergumruk.com.tr\/en\/payment-methods\/\" title=\"Payment Methods\" role=\"button\" tabindex=\"0\" aria-label=\"Payment Methods\"><span><strong>Payment Methods<\/strong><i class=\"fa fa-angle-double-right\"><\/i><\/span><b class=\"cz_btn_onhover\"><strong>Payment Methods<\/strong><i class=\"fa fa-angle-double-right\"><\/i><\/b><\/a><\/div><\/div><div class=\"cz_gap clr \" style=\"height: 17px\"><\/div><div class=\"cz_btn_block\"><div class=\"cz_42313_p\"><a id=\"cz_42313\" class=\"cz_42313 cz_btn cz_btn_ghost_icon cz_btn_no_fx cz_btn_icon_after\" href=\"https:\/\/www.demirlergumruk.com.tr\/en\/hs-code\/\" title=\"HS Code\" role=\"button\" tabindex=\"0\" aria-label=\"HS Code\"><span><strong>HS Code<\/strong><i class=\"fa fa-angle-double-right\"><\/i><\/span><b class=\"cz_btn_onhover\"><strong>HS Code<\/strong><i class=\"fa fa-angle-double-right\"><\/i><\/b><\/a><\/div><\/div><div class=\"cz_gap clr \" style=\"height: 17px\"><\/div><div class=\"cz_btn_block\"><div class=\"cz_57463_p\"><a id=\"cz_57463\" class=\"cz_57463 cz_btn cz_btn_ghost_icon cz_btn_no_fx cz_btn_icon_after\" href=\"https:\/\/www.demirlergumruk.com.tr\/en\/glossary-of-terms\/\" title=\"Glossary of Terms\" role=\"button\" tabindex=\"0\" aria-label=\"Glossary of Terms\"><span><strong>Glossary of Terms<\/strong><i class=\"fa fa-angle-double-right\"><\/i><\/span><b class=\"cz_btn_onhover\"><strong>Glossary of Terms<\/strong><i class=\"fa fa-angle-double-right\"><\/i><\/b><\/a><\/div><\/div><div class=\"cz_gap clr \" style=\"height: 20px\"><\/div>[\/vc_column][vc_column width=&#8221;1\/4&#8243; offset=&#8221;vc_hidden-sm vc_hidden-xs&#8221;]<div class=\"cz_btn_block\"><div class=\"cz_64503_p\"><a id=\"cz_64503\" class=\"cz_64503 cz_btn cz_btn_ghost_icon cz_btn_no_fx cz_btn_icon_after\" href=\"https:\/\/www.demirlergumruk.com.tr\/en\/workflow\/\" title=\"Our Workflow\" role=\"button\" tabindex=\"0\" aria-label=\"Our Workflow\"><span><strong>Our Workflow<\/strong><i class=\"fa fa-angle-double-right\"><\/i><\/span><b class=\"cz_btn_onhover\"><strong>Our Workflow<\/strong><i class=\"fa fa-angle-double-right\"><\/i><\/b><\/a><\/div><\/div><div class=\"cz_gap clr \" style=\"height: 17px\"><\/div><div class=\"cz_btn_block\"><div class=\"cz_54204_p\"><a id=\"cz_54204\" class=\"cz_54204 cz_btn cz_btn_ghost_icon cz_btn_no_fx cz_btn_icon_after\" href=\"#\" title=\"Necessary Documents\" role=\"button\" tabindex=\"0\" aria-label=\"Necessary Documents\"><span><strong>Necessary Documents<\/strong><i class=\"fa fa-angle-double-right\"><\/i><\/span><b class=\"cz_btn_onhover\"><strong>Necessary Documents<\/strong><i class=\"fa fa-angle-double-right\"><\/i><\/b><\/a><\/div><\/div><div class=\"cz_gap clr \" style=\"height: 17px\"><\/div><div class=\"cz_btn_block\"><div class=\"cz_80425_p\"><a id=\"cz_80425\" class=\"cz_80425 cz_btn cz_btn_ghost_icon cz_btn_no_fx cz_btn_icon_after\" href=\"https:\/\/www.demirlergumruk.com.tr\/en\/useful-informations\/\" title=\"Useful Informations\" role=\"button\" tabindex=\"0\" aria-label=\"Useful Informations\"><span><strong>Useful Informations<\/strong><i class=\"fa fa-angle-double-right\"><\/i><\/span><b class=\"cz_btn_onhover\"><strong>Useful Informations<\/strong><i class=\"fa fa-angle-double-right\"><\/i><\/b><\/a><\/div><\/div><div class=\"cz_gap clr \" style=\"height: 17px\"><\/div><div class=\"cz_btn_block\"><div class=\"cz_13918_p\"><a id=\"cz_13918\" class=\"cz_13918 cz_btn cz_btn_ghost_icon cz_btn_no_fx cz_btn_icon_after\" href=\"https:\/\/www.demirlergumruk.com.tr\/en\/useful-links\/\" title=\"Useful Links\" role=\"button\" tabindex=\"0\" aria-label=\"Useful Links\"><span><strong>Useful Links<\/strong><i class=\"fa fa-angle-double-right\"><\/i><\/span><b class=\"cz_btn_onhover\"><strong>Useful Links<\/strong><i class=\"fa fa-angle-double-right\"><\/i><\/b><\/a><\/div><\/div><div class=\"cz_gap clr \" style=\"height: 20px\"><\/div>[\/vc_column][\/vc_row][vc_row full_width=&#8221;stretch_row&#8221; css=&#8221;.vc_custom_1632640789117{padding-top: 40px !important;padding-bottom: 15px !important;background-color: rgba(229,229,229,0.47) !important;*background-color: rgb(229,229,229) !important;}&#8221;][vc_column]<div id=\"cz_38204\" class=\"cz_38204 cz_title clr cz_mobile_text_center cz_title_pos_inline tac\"><div class=\"cz_title_content\"><div class=\"cz_wpe_content\"><p style=\"text-align: center;\"><span style=\"font-size: 18px; color: #aaaaaa;\">Demirler Customs Brokerage<\/span><\/p>\n<h3 style=\"text-align: center;\"><span style=\"font-size: 36px;\">NECESSARY <span style=\"color: #002699;\">DOCUMENTS<\/span><\/span><\/h3>\n<\/div><\/div><\/div>[vc_separator][\/vc_column][\/vc_row][vc_row][vc_column]<div class=\"cz_gap clr \" style=\"height: 50px\"><\/div>[\/vc_column][\/vc_row][vc_row][vc_column]<div id=\"cz_62941\" data-arrows='{\"open\":\"fa czico-200-down-arrow\",\"close\":\"fa fa-minus\"}' class=\"cz_62941 cz_acc clr cz_acc_first_open\"><div><div id=\"cz_45571\"><span class=\"cz_acc_child\"><div>Company File<\/div><\/span><div class=\"cz_acc_child_content clr\">[vc_column_text]Dear AUTHORITY,<\/p>\n<p>Customs General Notification <strong>Obligatory Registration and Tracking System &#8220;YKTS&#8221;<\/strong> (Serial No: 1) has been put into operation for the purpose of electronically recording, tracking and controlling the information (direct and indirect) of real\/legal persons or representatives (direct and indirect) who wish to make an electronic declaration regarding customs procedures.<\/p>\n<p>Companies that want to export and import should send the following documents to us before exporting and importing. After the documents reach us, your registration to the &#8220;YKTS&#8221; system will be made by our company.<\/p>\n<p><strong>Required Documents for Obligatory Registration and Tracking System<\/strong><br \/>\n<strong>(IT WILL BE SENT TO CUSTOMS ADMINISTRATION BY \u201cYKTS\u201d WITH ELECTRONIC SIGNATURE)<\/strong><\/p>\n<table border=\"0\" width=\"1014\" cellspacing=\"0\" cellpadding=\"0\">\n<colgroup>\n<col width=\"55\" \/>\n<col width=\"627\" \/>\n<col width=\"332\" \/><\/colgroup>\n<tbody>\n<tr>\n<td class=\"xl65\" width=\"55\" height=\"24\">1)<\/td>\n<td class=\"xl66\" width=\"627\">Current Trade Registry Gazette (Latest version of the establishment, if any, changes, etc.)<\/td>\n<td class=\"xl66\" width=\"332\">1 of Original Board Certified<\/td>\n<\/tr>\n<tr>\n<td class=\"xl65\" height=\"24\">2)<\/td>\n<td class=\"xl66\">Signature Circular Current<\/td>\n<td class=\"xl66\">1 of Original<\/td>\n<\/tr>\n<tr>\n<td class=\"xl65\" height=\"24\">3)<\/td>\n<td class=\"xl66\">Copy of the Identity Card with the Republic of Turkey Identity Number of the Authorized Persons.<\/td>\n<td class=\"xl66\">1 of Notarized<\/td>\n<\/tr>\n<tr>\n<td class=\"xl65\" height=\"24\">4)<\/td>\n<td class=\"xl66\">Tax Obligation Letter Current (Relevant tax office or int.tax office)<\/td>\n<td class=\"xl66\">1 of Original<\/td>\n<\/tr>\n<tr>\n<td class=\"xl65\" height=\"24\">5)<\/td>\n<td class=\"xl66\">Copy of Chamber Registry Registration or Certificate of Activity Current (last 3 months)<\/td>\n<td class=\"xl66\">1 of Original Board Certified<\/td>\n<\/tr>\n<tr>\n<td class=\"xl65\" height=\"24\">6)<\/td>\n<td class=\"xl66\">Power of Attorney (For companies whose term has expired)<\/td>\n<td class=\"xl66\">2 Originals Notarized<\/td>\n<\/tr>\n<tr>\n<td class=\"xl65\" height=\"24\">7)<\/td>\n<td class=\"xl66\">Tareks Commitment<\/td>\n<td class=\"xl66\">1 Originals Notarized<\/td>\n<\/tr>\n<tr>\n<td class=\"xl65\" height=\"24\">8)<\/td>\n<td class=\"xl66\">Tareks Petition \/ company representative will sign.<\/td>\n<td><\/td>\n<\/tr>\n<\/tbody>\n<\/table>\n<p>[\/vc_column_text]<\/div><\/div><\/div><\/div><div id=\"cz_17834\" data-arrows='{\"open\":\"fa czico-200-down-arrow\",\"close\":\"fa fa-minus\"}' class=\"cz_17834 cz_acc clr\"><div><div id=\"cz_13569\"><span class=\"cz_acc_child\"><div>Documents Required for Export<\/div><\/span><div class=\"cz_acc_child_content clr\">[vc_column_text]<\/p>\n<ul>\n<li>Registered with the Exporters&#8217; Association (Done by Us)\n<ul>\n<li style=\"list-style-type: none;\">\n<ul>\n<li>Photocopy of documents required for company file registration<\/li>\n<li>Union Registration Application Form<\/li>\n<li>Commitment<\/li>\n<\/ul>\n<\/li>\n<\/ul>\n<\/li>\n<li>Invoice of the Material to be Exported<\/li>\n<li>Packing List<\/li>\n<li>ATR \u2013 EUR-1 \u2013 Certificate of Origin<\/li>\n<li>Photocopy of the document if it is within the scope of the inward processing document<\/li>\n<\/ul>\n<p>NOTE: The submission of these documents is required for materials that are subject to export permits or that require special permission.[\/vc_column_text]<\/div><\/div><\/div><\/div><div id=\"cz_100060\" data-arrows='{\"open\":\"fa czico-200-down-arrow\",\"close\":\"fa fa-minus\"}' class=\"cz_100060 cz_acc clr\"><div><div id=\"cz_83402\"><span class=\"cz_acc_child\"><div>Required Documents for Import<\/div><\/span><div class=\"cz_acc_child_content clr\">[vc_column_text]<\/p>\n<ul>\n<li>Invoice of the Material to be Imported<\/li>\n<li>Bank Letter (Transfer Letter)<\/li>\n<li>Freight Invoice<\/li>\n<li>ATR or EUR-1 Documents (for countries with EC and EFTA. AKCT. S.T.A.)<\/li>\n<li>Certificate of Origin (When Necessary)<\/li>\n<li>Insurance Policy (If the goods are insured)<\/li>\n<li>Packing List i<\/li>\n<li>In Case of Investment Incentive;\n<ul>\n<li style=\"list-style-type: none;\">\n<ul>\n<li>Original Certificate of Incentive<\/li>\n<li>Imported Machinery Equipment List<\/li>\n<li>VAT Exemption Letter (To be obtained from the Relevant Tax Office.)<\/li>\n<\/ul>\n<\/li>\n<\/ul>\n<\/li>\n<li>Photocopy of the document if it is within the scope of the inward processing document.<\/li>\n<\/ul>\n<p>NOTE: The submission of these documents is required for those whose materials are subject to permission or require special permission.[\/vc_column_text]<\/div><\/div><\/div><\/div>[\/vc_column][\/vc_row]<\/p>\n<\/div>","protected":false},"excerpt":{"rendered":"<p>[vc_row full_width=&#8221;stretch_row&#8221; css=&#8221;.vc_custom_1632640789117{padding-top: 40px &#8230; <\/p>\n","protected":false},"author":1,"featured_media":0,"parent":0,"menu_order":6,"comment_status":"closed","ping_status":"closed","template":"","meta":{"footnotes":""},"class_list":["post-3360","page","type-page","status-publish","hentry"],"yoast_head":"<!-- This site is optimized with the Yoast SEO plugin v27.4 - https:\/\/yoast.com\/product\/yoast-seo-wordpress\/ -->\n<title>Necessary Documents - Demirler G\u00fcmr\u00fck M\u00fc\u015favirli\u011fi<\/title>\n<meta name=\"robots\" content=\"index, follow, max-snippet:-1, max-image-preview:large, max-video-preview:-1\" \/>\n<link rel=\"canonical\" href=\"https:\/\/www.demirlergumruk.com.tr\/en\/necessary-documents\/\" \/>\n<meta property=\"og:locale\" content=\"en_US\" \/>\n<meta property=\"og:type\" content=\"article\" \/>\n<meta property=\"og:title\" content=\"Necessary Documents - Demirler G\u00fcmr\u00fck M\u00fc\u015favirli\u011fi\" \/>\n<meta property=\"og:description\" content=\"[vc_row full_width=&#8221;stretch_row&#8221; css=&#8221;.vc_custom_1632640789117{padding-top: 40px ...\" \/>\n<meta property=\"og:url\" content=\"https:\/\/www.demirlergumruk.com.tr\/en\/necessary-documents\/\" \/>\n<meta property=\"og:site_name\" content=\"Demirler G\u00fcmr\u00fck M\u00fc\u015favirli\u011fi\" \/>\n<meta property=\"article:modified_time\" content=\"2022-02-12T11:47:24+00:00\" \/>\n<meta name=\"twitter:card\" content=\"summary_large_image\" \/>\n<meta name=\"twitter:label1\" content=\"Est. reading time\" \/>\n\t<meta name=\"twitter:data1\" content=\"8 minutes\" \/>\n<script type=\"application\/ld+json\" class=\"yoast-schema-graph\">{\"@context\":\"https:\\\/\\\/schema.org\",\"@graph\":[{\"@type\":\"WebPage\",\"@id\":\"https:\\\/\\\/www.demirlergumruk.com.tr\\\/en\\\/necessary-documents\\\/\",\"url\":\"https:\\\/\\\/www.demirlergumruk.com.tr\\\/en\\\/necessary-documents\\\/\",\"name\":\"Necessary Documents - Demirler G\u00fcmr\u00fck M\u00fc\u015favirli\u011fi\",\"isPartOf\":{\"@id\":\"https:\\\/\\\/www.demirlergumruk.com.tr\\\/en\\\/#website\"},\"datePublished\":\"2021-09-26T09:35:09+00:00\",\"dateModified\":\"2022-02-12T11:47:24+00:00\",\"breadcrumb\":{\"@id\":\"https:\\\/\\\/www.demirlergumruk.com.tr\\\/en\\\/necessary-documents\\\/#breadcrumb\"},\"inLanguage\":\"en-US\",\"potentialAction\":[{\"@type\":\"ReadAction\",\"target\":[\"https:\\\/\\\/www.demirlergumruk.com.tr\\\/en\\\/necessary-documents\\\/\"]}]},{\"@type\":\"BreadcrumbList\",\"@id\":\"https:\\\/\\\/www.demirlergumruk.com.tr\\\/en\\\/necessary-documents\\\/#breadcrumb\",\"itemListElement\":[{\"@type\":\"ListItem\",\"position\":1,\"name\":\"Anasayfa\",\"item\":\"https:\\\/\\\/www.demirlergumruk.com.tr\\\/en\\\/\"},{\"@type\":\"ListItem\",\"position\":2,\"name\":\"Necessary Documents\"}]},{\"@type\":\"WebSite\",\"@id\":\"https:\\\/\\\/www.demirlergumruk.com.tr\\\/en\\\/#website\",\"url\":\"https:\\\/\\\/www.demirlergumruk.com.tr\\\/en\\\/\",\"name\":\"Demirler G\u00fcmr\u00fck M\u00fc\u015favirli\u011fi\",\"description\":\"Yenilenmeyen Yenilir\",\"publisher\":{\"@id\":\"https:\\\/\\\/www.demirlergumruk.com.tr\\\/en\\\/#organization\"},\"potentialAction\":[{\"@type\":\"SearchAction\",\"target\":{\"@type\":\"EntryPoint\",\"urlTemplate\":\"https:\\\/\\\/www.demirlergumruk.com.tr\\\/en\\\/?s={search_term_string}\"},\"query-input\":{\"@type\":\"PropertyValueSpecification\",\"valueRequired\":true,\"valueName\":\"search_term_string\"}}],\"inLanguage\":\"en-US\"},{\"@type\":\"Organization\",\"@id\":\"https:\\\/\\\/www.demirlergumruk.com.tr\\\/en\\\/#organization\",\"name\":\"Demirler G\u00fcmr\u00fck M\u00fc\u015favirli\u011fi\",\"url\":\"https:\\\/\\\/www.demirlergumruk.com.tr\\\/en\\\/\",\"logo\":{\"@type\":\"ImageObject\",\"inLanguage\":\"en-US\",\"@id\":\"https:\\\/\\\/www.demirlergumruk.com.tr\\\/en\\\/#\\\/schema\\\/logo\\\/image\\\/\",\"url\":\"https:\\\/\\\/www.demirlergumruk.com.tr\\\/wp-content\\\/uploads\\\/2021\\\/08\\\/Demirler_gumruk_logo.png\",\"contentUrl\":\"https:\\\/\\\/www.demirlergumruk.com.tr\\\/wp-content\\\/uploads\\\/2021\\\/08\\\/Demirler_gumruk_logo.png\",\"width\":290,\"height\":137,\"caption\":\"Demirler G\u00fcmr\u00fck M\u00fc\u015favirli\u011fi\"},\"image\":{\"@id\":\"https:\\\/\\\/www.demirlergumruk.com.tr\\\/en\\\/#\\\/schema\\\/logo\\\/image\\\/\"}}]}<\/script>\n<!-- \/ Yoast SEO plugin. -->","yoast_head_json":{"title":"Necessary Documents - Demirler G\u00fcmr\u00fck M\u00fc\u015favirli\u011fi","robots":{"index":"index","follow":"follow","max-snippet":"max-snippet:-1","max-image-preview":"max-image-preview:large","max-video-preview":"max-video-preview:-1"},"canonical":"https:\/\/www.demirlergumruk.com.tr\/en\/necessary-documents\/","og_locale":"en_US","og_type":"article","og_title":"Necessary Documents - Demirler G\u00fcmr\u00fck M\u00fc\u015favirli\u011fi","og_description":"[vc_row full_width=&#8221;stretch_row&#8221; css=&#8221;.vc_custom_1632640789117{padding-top: 40px ...","og_url":"https:\/\/www.demirlergumruk.com.tr\/en\/necessary-documents\/","og_site_name":"Demirler G\u00fcmr\u00fck M\u00fc\u015favirli\u011fi","article_modified_time":"2022-02-12T11:47:24+00:00","twitter_card":"summary_large_image","twitter_misc":{"Est. reading time":"8 minutes"},"schema":{"@context":"https:\/\/schema.org","@graph":[{"@type":"WebPage","@id":"https:\/\/www.demirlergumruk.com.tr\/en\/necessary-documents\/","url":"https:\/\/www.demirlergumruk.com.tr\/en\/necessary-documents\/","name":"Necessary Documents - Demirler G\u00fcmr\u00fck M\u00fc\u015favirli\u011fi","isPartOf":{"@id":"https:\/\/www.demirlergumruk.com.tr\/en\/#website"},"datePublished":"2021-09-26T09:35:09+00:00","dateModified":"2022-02-12T11:47:24+00:00","breadcrumb":{"@id":"https:\/\/www.demirlergumruk.com.tr\/en\/necessary-documents\/#breadcrumb"},"inLanguage":"en-US","potentialAction":[{"@type":"ReadAction","target":["https:\/\/www.demirlergumruk.com.tr\/en\/necessary-documents\/"]}]},{"@type":"BreadcrumbList","@id":"https:\/\/www.demirlergumruk.com.tr\/en\/necessary-documents\/#breadcrumb","itemListElement":[{"@type":"ListItem","position":1,"name":"Anasayfa","item":"https:\/\/www.demirlergumruk.com.tr\/en\/"},{"@type":"ListItem","position":2,"name":"Necessary Documents"}]},{"@type":"WebSite","@id":"https:\/\/www.demirlergumruk.com.tr\/en\/#website","url":"https:\/\/www.demirlergumruk.com.tr\/en\/","name":"Demirler G\u00fcmr\u00fck M\u00fc\u015favirli\u011fi","description":"Yenilenmeyen Yenilir","publisher":{"@id":"https:\/\/www.demirlergumruk.com.tr\/en\/#organization"},"potentialAction":[{"@type":"SearchAction","target":{"@type":"EntryPoint","urlTemplate":"https:\/\/www.demirlergumruk.com.tr\/en\/?s={search_term_string}"},"query-input":{"@type":"PropertyValueSpecification","valueRequired":true,"valueName":"search_term_string"}}],"inLanguage":"en-US"},{"@type":"Organization","@id":"https:\/\/www.demirlergumruk.com.tr\/en\/#organization","name":"Demirler G\u00fcmr\u00fck M\u00fc\u015favirli\u011fi","url":"https:\/\/www.demirlergumruk.com.tr\/en\/","logo":{"@type":"ImageObject","inLanguage":"en-US","@id":"https:\/\/www.demirlergumruk.com.tr\/en\/#\/schema\/logo\/image\/","url":"https:\/\/www.demirlergumruk.com.tr\/wp-content\/uploads\/2021\/08\/Demirler_gumruk_logo.png","contentUrl":"https:\/\/www.demirlergumruk.com.tr\/wp-content\/uploads\/2021\/08\/Demirler_gumruk_logo.png","width":290,"height":137,"caption":"Demirler G\u00fcmr\u00fck M\u00fc\u015favirli\u011fi"},"image":{"@id":"https:\/\/www.demirlergumruk.com.tr\/en\/#\/schema\/logo\/image\/"}}]}},"_links":{"self":[{"href":"https:\/\/www.demirlergumruk.com.tr\/en\/wp-json\/wp\/v2\/pages\/3360","targetHints":{"allow":["GET"]}}],"collection":[{"href":"https:\/\/www.demirlergumruk.com.tr\/en\/wp-json\/wp\/v2\/pages"}],"about":[{"href":"https:\/\/www.demirlergumruk.com.tr\/en\/wp-json\/wp\/v2\/types\/page"}],"author":[{"embeddable":true,"href":"https:\/\/www.demirlergumruk.com.tr\/en\/wp-json\/wp\/v2\/users\/1"}],"replies":[{"embeddable":true,"href":"https:\/\/www.demirlergumruk.com.tr\/en\/wp-json\/wp\/v2\/comments?post=3360"}],"version-history":[{"count":3,"href":"https:\/\/www.demirlergumruk.com.tr\/en\/wp-json\/wp\/v2\/pages\/3360\/revisions"}],"predecessor-version":[{"id":3459,"href":"https:\/\/www.demirlergumruk.com.tr\/en\/wp-json\/wp\/v2\/pages\/3360\/revisions\/3459"}],"wp:attachment":[{"href":"https:\/\/www.demirlergumruk.com.tr\/en\/wp-json\/wp\/v2\/media?parent=3360"}],"curies":[{"name":"wp","href":"https:\/\/api.w.org\/{rel}","templated":true}]}}