{"id":3373,"date":"2021-10-03T11:38:07","date_gmt":"2021-10-03T08:38:07","guid":{"rendered":"https:\/\/www.demirlergumruk.com.tr\/gerekli-mevzuatlar\/"},"modified":"2022-02-12T13:02:43","modified_gmt":"2022-02-12T10:02:43","slug":"necessary-legislations","status":"publish","type":"page","link":"https:\/\/www.demirlergumruk.com.tr\/en\/necessary-legislations\/","title":{"rendered":"Necessary Legislations"},"content":{"rendered":"<div class=\"wpb-content-wrapper\"><p>[vc_row full_width=&#8221;stretch_row&#8221; css=&#8221;.vc_custom_1632640549554{padding-bottom: 40px !important;}&#8221;][vc_column width=&#8221;1\/4&#8243; offset=&#8221;vc_hidden-sm vc_hidden-xs&#8221;]<div class=\"cz_eqh cz_content_box_parent_fx  \"><div id=\"cz_30574\" class=\"cz_30574 cz_content_box clr\"><div class=\"cz_box_front clr\"><div class=\"cz_box_front_inner clr \"><span><\/span><div><div class=\"cz_gap clr \" style=\"height: 5px\"><\/div><div id=\"cz_95007\" class=\"cz_95007 cz_title clr cz_title_has_icon cz_title_pos_block\"><div class=\"cz_title_content\"><div class=\"cz_wpe_content\"><p><span style=\"font-size: 28px;\"><strong><span style=\"vertical-align: inherit;\">CUSTOMER<\/span><\/strong><\/span><\/p>\n<h3 style=\"line-height: 1;\"><span style=\"font-size: 28px;\"><strong><span style=\"vertical-align: inherit;\">PANEL<\/span><\/strong><\/span><\/h3>\n<\/div><i class=\"cz_title_icon_after fa czico-134-arrows-6 icon_after\"><\/i><\/div><\/div><\/div><\/div><\/div><\/div><\/div>[\/vc_column][vc_column width=&#8221;1\/4&#8243; offset=&#8221;vc_hidden-sm vc_hidden-xs&#8221;]<div class=\"cz_btn_block\"><div class=\"cz_80347_p\"><a id=\"cz_80347\" class=\"cz_80347 cz_btn cz_btn_ghost_icon cz_btn_no_fx cz_btn_icon_after\" href=\"https:\/\/uygulama.gtb.gov.tr\/FirmaVekalet\/(S(e34py11t5vc3zvjdf3moorga))\/Login\/Login.aspx?ref=dafbf3fb01fa304e370ad6e0ac3cacb0cfb4\" target=\"_blank\" title=\"Company File Query\" role=\"button\" tabindex=\"0\" aria-label=\"Company File Query\"><span><strong>Company File Query<\/strong><i class=\"fa fa-angle-double-right\"><\/i><\/span><b class=\"cz_btn_onhover\"><strong>Company File Query<\/strong><i class=\"fa fa-angle-double-right\"><\/i><\/b><\/a><\/div><\/div><div class=\"cz_gap clr \" style=\"height: 17px\"><\/div><div class=\"cz_btn_block\"><div class=\"cz_46199_p\"><a id=\"cz_46199\" class=\"cz_46199 cz_btn cz_btn_ghost_icon cz_btn_no_fx cz_btn_icon_after\" href=\"https:\/\/uygulama.gtb.gov.tr\/BeyannameSorgulama\/\" target=\"_blank\" title=\"VEDOP Query\" role=\"button\" tabindex=\"0\" aria-label=\"VEDOP Query\"><span><strong>VEDOP Query<\/strong><i class=\"fa fa-angle-double-right\"><\/i><\/span><b class=\"cz_btn_onhover\"><strong>VEDOP Query<\/strong><i class=\"fa fa-angle-double-right\"><\/i><\/b><\/a><\/div><\/div><div class=\"cz_gap clr \" style=\"height: 17px\"><\/div><div class=\"cz_btn_block\"><div class=\"cz_106869_p\"><a id=\"cz_106869\" class=\"cz_106869 cz_btn cz_btn_ghost_icon cz_btn_no_fx cz_btn_icon_after\" href=\"#\" title=\"Necessary Legislations\" role=\"button\" tabindex=\"0\" aria-label=\"Necessary Legislations\"><span><strong>Necessary Legislations<\/strong><i class=\"fa fa-angle-double-right\"><\/i><\/span><b class=\"cz_btn_onhover\"><strong>Necessary Legislations<\/strong><i class=\"fa fa-angle-double-right\"><\/i><\/b><\/a><\/div><\/div><div class=\"cz_gap clr \" style=\"height: 17px\"><\/div><div class=\"cz_btn_block\"><div class=\"cz_31112_p\"><a id=\"cz_31112\" class=\"cz_31112 cz_btn cz_btn_ghost_icon cz_btn_no_fx cz_btn_icon_after\" href=\"https:\/\/www.demirlergumruk.com.tr\/en\/application-authorities\/\" title=\"Application Authorities\" role=\"button\" tabindex=\"0\" aria-label=\"Application Authorities\"><span><strong>Application Authorities<\/strong><i class=\"fa fa-angle-double-right\"><\/i><\/span><b class=\"cz_btn_onhover\"><strong>Application Authorities<\/strong><i class=\"fa fa-angle-double-right\"><\/i><\/b><\/a><\/div><\/div><div class=\"cz_gap clr \" style=\"height: 20px\"><\/div>[\/vc_column][vc_column width=&#8221;1\/4&#8243; offset=&#8221;vc_hidden-sm vc_hidden-xs&#8221;]<div class=\"cz_btn_block\"><div class=\"cz_34128_p\"><a id=\"cz_34128\" class=\"cz_34128 cz_btn cz_btn_ghost_icon cz_btn_no_fx cz_btn_icon_after\" href=\"https:\/\/www.demirlergumruk.com.tr\/en\/incoterms\/\" title=\"Incoterms\" role=\"button\" tabindex=\"0\" aria-label=\"Incoterms\"><span><strong>Incoterms<\/strong><i class=\"fa fa-angle-double-right\"><\/i><\/span><b class=\"cz_btn_onhover\"><strong>Incoterms<\/strong><i class=\"fa fa-angle-double-right\"><\/i><\/b><\/a><\/div><\/div><div class=\"cz_gap clr \" style=\"height: 17px\"><\/div><div class=\"cz_btn_block\"><div class=\"cz_85276_p\"><a id=\"cz_85276\" class=\"cz_85276 cz_btn cz_btn_ghost_icon cz_btn_no_fx cz_btn_icon_after\" href=\"https:\/\/www.demirlergumruk.com.tr\/en\/payment-methods\/\" title=\"Payment Methods\" role=\"button\" tabindex=\"0\" aria-label=\"Payment Methods\"><span><strong>Payment Methods<\/strong><i class=\"fa fa-angle-double-right\"><\/i><\/span><b class=\"cz_btn_onhover\"><strong>Payment Methods<\/strong><i class=\"fa fa-angle-double-right\"><\/i><\/b><\/a><\/div><\/div><div class=\"cz_gap clr \" style=\"height: 17px\"><\/div><div class=\"cz_btn_block\"><div class=\"cz_97378_p\"><a id=\"cz_97378\" class=\"cz_97378 cz_btn cz_btn_ghost_icon cz_btn_no_fx cz_btn_icon_after\" href=\"https:\/\/www.demirlergumruk.com.tr\/en\/hs-code\/\" title=\"HS Code\" role=\"button\" tabindex=\"0\" aria-label=\"HS Code\"><span><strong>HS Code<\/strong><i class=\"fa fa-angle-double-right\"><\/i><\/span><b class=\"cz_btn_onhover\"><strong>HS Code<\/strong><i class=\"fa fa-angle-double-right\"><\/i><\/b><\/a><\/div><\/div><div class=\"cz_gap clr \" style=\"height: 17px\"><\/div><div class=\"cz_btn_block\"><div class=\"cz_41605_p\"><a id=\"cz_41605\" class=\"cz_41605 cz_btn cz_btn_ghost_icon cz_btn_no_fx cz_btn_icon_after\" href=\"https:\/\/www.demirlergumruk.com.tr\/en\/glossary-of-terms\/\" title=\"Glossary of Terms\" role=\"button\" tabindex=\"0\" aria-label=\"Glossary of Terms\"><span><strong>Glossary of Terms<\/strong><i class=\"fa fa-angle-double-right\"><\/i><\/span><b class=\"cz_btn_onhover\"><strong>Glossary of Terms<\/strong><i class=\"fa fa-angle-double-right\"><\/i><\/b><\/a><\/div><\/div><div class=\"cz_gap clr \" style=\"height: 20px\"><\/div>[\/vc_column][vc_column width=&#8221;1\/4&#8243; offset=&#8221;vc_hidden-sm vc_hidden-xs&#8221;]<div class=\"cz_btn_block\"><div class=\"cz_106049_p\"><a id=\"cz_106049\" class=\"cz_106049 cz_btn cz_btn_ghost_icon cz_btn_no_fx cz_btn_icon_after\" href=\"https:\/\/www.demirlergumruk.com.tr\/en\/workflow\/\" title=\"Our Workflow\" role=\"button\" tabindex=\"0\" aria-label=\"Our Workflow\"><span><strong>Our Workflow<\/strong><i class=\"fa fa-angle-double-right\"><\/i><\/span><b class=\"cz_btn_onhover\"><strong>Our Workflow<\/strong><i class=\"fa fa-angle-double-right\"><\/i><\/b><\/a><\/div><\/div><div class=\"cz_gap clr \" style=\"height: 17px\"><\/div><div class=\"cz_btn_block\"><div class=\"cz_76057_p\"><a id=\"cz_76057\" class=\"cz_76057 cz_btn cz_btn_ghost_icon cz_btn_no_fx cz_btn_icon_after\" href=\"https:\/\/www.demirlergumruk.com.tr\/en\/necessary-documents\" title=\"Necessary Documents\" role=\"button\" tabindex=\"0\" aria-label=\"Necessary Documents\"><span><strong>Necessary Documents<\/strong><i class=\"fa fa-angle-double-right\"><\/i><\/span><b class=\"cz_btn_onhover\"><strong>Necessary Documents<\/strong><i class=\"fa fa-angle-double-right\"><\/i><\/b><\/a><\/div><\/div><div class=\"cz_gap clr \" style=\"height: 17px\"><\/div><div class=\"cz_btn_block\"><div class=\"cz_94019_p\"><a id=\"cz_94019\" class=\"cz_94019 cz_btn cz_btn_ghost_icon cz_btn_no_fx cz_btn_icon_after\" href=\"https:\/\/www.demirlergumruk.com.tr\/en\/useful-informations\/\" title=\"Useful Informations\" role=\"button\" tabindex=\"0\" aria-label=\"Useful Informations\"><span><strong>Useful Informations<\/strong><i class=\"fa fa-angle-double-right\"><\/i><\/span><b class=\"cz_btn_onhover\"><strong>Useful Informations<\/strong><i class=\"fa fa-angle-double-right\"><\/i><\/b><\/a><\/div><\/div><div class=\"cz_gap clr \" style=\"height: 17px\"><\/div><div class=\"cz_btn_block\"><div class=\"cz_62408_p\"><a id=\"cz_62408\" class=\"cz_62408 cz_btn cz_btn_ghost_icon cz_btn_no_fx cz_btn_icon_after\" href=\"https:\/\/www.demirlergumruk.com.tr\/en\/useful-links\/\" title=\"Useful Links\" role=\"button\" tabindex=\"0\" aria-label=\"Useful Links\"><span><strong>Useful Links<\/strong><i class=\"fa fa-angle-double-right\"><\/i><\/span><b class=\"cz_btn_onhover\"><strong>Useful Links<\/strong><i class=\"fa fa-angle-double-right\"><\/i><\/b><\/a><\/div><\/div><div class=\"cz_gap clr \" style=\"height: 20px\"><\/div>[\/vc_column][\/vc_row][vc_row full_width=&#8221;stretch_row&#8221; css=&#8221;.vc_custom_1632640789117{padding-top: 40px !important;padding-bottom: 15px !important;background-color: rgba(229,229,229,0.47) !important;*background-color: rgb(229,229,229) !important;}&#8221;][vc_column]<div id=\"cz_106542\" class=\"cz_106542 cz_title clr cz_mobile_text_center cz_title_pos_inline tac\"><div class=\"cz_title_content\"><div class=\"cz_wpe_content\"><p style=\"text-align: center;\"><span style=\"font-size: 18px; color: #aaaaaa;\">Demirler Customs Brokerage<\/span><\/p>\n<h3 style=\"text-align: center;\"><span style=\"font-size: 36px;\">NECESSARY <span style=\"color: #002699;\">LEGISLATIONS<\/span><\/span><\/h3>\n<\/div><\/div><\/div>[vc_separator][\/vc_column][\/vc_row][vc_row][vc_column]<div class=\"cz_gap clr \" style=\"height: 50px\"><\/div>[\/vc_column][\/vc_row][vc_row][vc_column]<div id=\"cz_39830\" data-arrows='{\"open\":\"fa czico-200-down-arrow\",\"close\":\"fa fa-minus\"}' class=\"cz_39830 cz_acc clr cz_acc_first_open\"><div><div id=\"cz_49921\"><span class=\"cz_acc_child\"><i class=\"cz-acc-i cz-acc-icon fa czico-188-arrows-2\"><\/i><div>E-Legislation<\/div><\/span><div class=\"cz_acc_child_content clr\"><div class=\"cz_btn_block\"><div class=\"cz_63011_p\"><a id=\"cz_63011\" class=\"cz_63011 cz_btn cz_btn_subtitle cz_btn_txt_no_fx cz_btn_no_fx\" href=\"https:\/\/www.mevzuat.gov.tr\/\" target=\"_blank\" title=\"E-Legislation\" role=\"button\" tabindex=\"0\" aria-label=\"E-Legislation\"><span><i class=\"far fa-hand-pointer\"><\/i><strong>T.C. Presidency Legislation Information System<small>Click here.<\/small><\/strong><\/span><b class=\"cz_btn_onhover\"><i class=\"far fa-hand-pointer\"><\/i><strong>T.C. Presidency Legislation Information System<small>Click here.<\/small><\/strong><\/b><\/a><\/div><\/div><\/div><\/div><div id=\"cz_81703\"><span class=\"cz_acc_child\"><i class=\"cz-acc-i cz-acc-icon fa czico-188-arrows-2\"><\/i><div>Customs Law<\/div><\/span><div class=\"cz_acc_child_content clr\"><div class=\"cz_btn_block\"><div class=\"cz_50409_p\"><a id=\"cz_50409\" class=\"cz_50409 cz_btn cz_btn_subtitle cz_btn_txt_no_fx cz_btn_no_fx\" href=\"https:\/\/www.demirlergumruk.com.tr\/wp-content\/uploads\/2021\/10\/gumrukkanunu.pdf\" target=\"_blank\" title=\"Customs Law\" role=\"button\" tabindex=\"0\" aria-label=\"Customs Law\"><span><i class=\"fas fa-cloud-download-alt\"><\/i><strong>Click here for document.<small>Last Update: 01.10.2021 - Turkish<\/small><\/strong><\/span><b class=\"cz_btn_onhover\"><i class=\"fas fa-cloud-download-alt\"><\/i><strong>Click here for document.<small>Last Update: 01.10.2021 - Turkish<\/small><\/strong><\/b><\/a><\/div><\/div><\/div><\/div><div id=\"cz_78954\"><span class=\"cz_acc_child\"><i class=\"cz-acc-i cz-acc-icon fa czico-188-arrows-2\"><\/i><div>Import Law<\/div><\/span><div class=\"cz_acc_child_content clr\"><div class=\"cz_btn_block\"><div class=\"cz_20095_p\"><a id=\"cz_20095\" class=\"cz_20095 cz_btn cz_btn_subtitle cz_btn_txt_no_fx cz_btn_no_fx\" href=\"https:\/\/www.demirlergumruk.com.tr\/wp-content\/uploads\/2021\/10\/Ithalat-Yonetmeligi.pdf\" target=\"_blank\" title=\"Import Law\" role=\"button\" tabindex=\"0\" aria-label=\"Import Law\"><span><i class=\"fas fa-cloud-download-alt\"><\/i><strong>Click here for document.<small>Last Update: 01.10.2021 - Turkish<\/small><\/strong><\/span><b class=\"cz_btn_onhover\"><i class=\"fas fa-cloud-download-alt\"><\/i><strong>Click here for document.<small>Last Update: 01.10.2021 - Turkish<\/small><\/strong><\/b><\/a><\/div><\/div><\/div><\/div><div id=\"cz_87496\"><span class=\"cz_acc_child\"><i class=\"cz-acc-i cz-acc-icon fa czico-188-arrows-2\"><\/i><div>Export Law<\/div><\/span><div class=\"cz_acc_child_content clr\"><div class=\"cz_btn_block\"><div class=\"cz_79543_p\"><a id=\"cz_79543\" class=\"cz_79543 cz_btn cz_btn_subtitle cz_btn_txt_no_fx cz_btn_no_fx\" href=\"https:\/\/www.demirlergumruk.com.tr\/wp-content\/uploads\/2021\/10\/Ihracat-Yonetmeligi.pdf\" target=\"_blank\" title=\"Export Law\" role=\"button\" tabindex=\"0\" aria-label=\"Export Law\"><span><i class=\"fas fa-cloud-download-alt\"><\/i><strong>Click here for document.<small>Last Update: 01.10.2021 - Turkish<\/small><\/strong><\/span><b class=\"cz_btn_onhover\"><i class=\"fas fa-cloud-download-alt\"><\/i><strong>Click here for document.<small>Last Update: 01.10.2021 - Turkish<\/small><\/strong><\/b><\/a><\/div><\/div><\/div><\/div><div id=\"cz_19664\"><span class=\"cz_acc_child\"><i class=\"cz-acc-i cz-acc-icon fa czico-188-arrows-2\"><\/i><div>Anti-Smuggling Law<\/div><\/span><div class=\"cz_acc_child_content clr\"><div class=\"cz_btn_block\"><div class=\"cz_58277_p\"><a id=\"cz_58277\" class=\"cz_58277 cz_btn cz_btn_subtitle cz_btn_txt_no_fx cz_btn_no_fx\" href=\"https:\/\/www.demirlergumruk.com.tr\/wp-content\/uploads\/2021\/10\/kacakcilik.pdf\" target=\"_blank\" title=\"Anti-Smuggling Law\" role=\"button\" tabindex=\"0\" aria-label=\"Anti-Smuggling Law\"><span><i class=\"fas fa-cloud-download-alt\"><\/i><strong>Click here for documents.<small>Last Update: 01.10.2021 - Turkish<\/small><\/strong><\/span><b class=\"cz_btn_onhover\"><i class=\"fas fa-cloud-download-alt\"><\/i><strong>Click here for documents.<small>Last Update: 01.10.2021 - Turkish<\/small><\/strong><\/b><\/a><\/div><\/div><\/div><\/div><div id=\"cz_99767\"><span class=\"cz_acc_child\"><i class=\"cz-acc-i cz-acc-icon fa czico-188-arrows-2\"><\/i><div>Free Zone Law<\/div><\/span><div class=\"cz_acc_child_content clr\"><div class=\"cz_btn_block\"><div class=\"cz_102005_p\"><a id=\"cz_102005\" class=\"cz_102005 cz_btn cz_btn_subtitle cz_btn_txt_no_fx cz_btn_no_fx\" href=\"https:\/\/www.demirlergumruk.com.tr\/wp-content\/uploads\/2021\/10\/serbestbolge.pdf\" target=\"_blank\" title=\"Free Zone Law\" role=\"button\" tabindex=\"0\" aria-label=\"Free Zone Law\"><span><i class=\"fas fa-cloud-download-alt\"><\/i><strong>Click here for document.<small>Last Update: 01.10.2021 - Turkish<\/small><\/strong><\/span><b class=\"cz_btn_onhover\"><i class=\"fas fa-cloud-download-alt\"><\/i><strong>Click here for document.<small>Last Update: 01.10.2021 - Turkish<\/small><\/strong><\/b><\/a><\/div><\/div><\/div><\/div><\/div><\/div>[\/vc_column][\/vc_row]<\/p>\n<\/div>","protected":false},"excerpt":{"rendered":"<p>[vc_row full_width=&#8221;stretch_row&#8221; css=&#8221;.vc_custom_1632640789117{padding-top: 40px &#8230; <\/p>\n","protected":false},"author":1,"featured_media":0,"parent":0,"menu_order":3,"comment_status":"closed","ping_status":"closed","template":"","meta":{"footnotes":""},"class_list":["post-3373","page","type-page","status-publish","hentry"],"yoast_head":"<!-- This site is optimized with the Yoast SEO plugin v27.4 - https:\/\/yoast.com\/product\/yoast-seo-wordpress\/ -->\n<title>Necessary Legislations - Demirler G\u00fcmr\u00fck M\u00fc\u015favirli\u011fi<\/title>\n<meta name=\"robots\" content=\"index, follow, max-snippet:-1, max-image-preview:large, max-video-preview:-1\" \/>\n<link rel=\"canonical\" href=\"https:\/\/www.demirlergumruk.com.tr\/en\/necessary-legislations\/\" \/>\n<meta property=\"og:locale\" content=\"en_US\" \/>\n<meta property=\"og:type\" content=\"article\" \/>\n<meta property=\"og:title\" content=\"Necessary Legislations - Demirler G\u00fcmr\u00fck M\u00fc\u015favirli\u011fi\" \/>\n<meta property=\"og:description\" content=\"[vc_row full_width=&#8221;stretch_row&#8221; css=&#8221;.vc_custom_1632640789117{padding-top: 40px ...\" \/>\n<meta property=\"og:url\" content=\"https:\/\/www.demirlergumruk.com.tr\/en\/necessary-legislations\/\" \/>\n<meta property=\"og:site_name\" content=\"Demirler G\u00fcmr\u00fck M\u00fc\u015favirli\u011fi\" \/>\n<meta property=\"article:modified_time\" content=\"2022-02-12T10:02:43+00:00\" \/>\n<meta name=\"twitter:card\" content=\"summary_large_image\" \/>\n<meta name=\"twitter:label1\" content=\"Est. reading time\" \/>\n\t<meta name=\"twitter:data1\" content=\"7 minutes\" \/>\n<script type=\"application\/ld+json\" class=\"yoast-schema-graph\">{\"@context\":\"https:\\\/\\\/schema.org\",\"@graph\":[{\"@type\":\"WebPage\",\"@id\":\"https:\\\/\\\/www.demirlergumruk.com.tr\\\/en\\\/necessary-legislations\\\/\",\"url\":\"https:\\\/\\\/www.demirlergumruk.com.tr\\\/en\\\/necessary-legislations\\\/\",\"name\":\"Necessary Legislations - Demirler G\u00fcmr\u00fck M\u00fc\u015favirli\u011fi\",\"isPartOf\":{\"@id\":\"https:\\\/\\\/www.demirlergumruk.com.tr\\\/en\\\/#website\"},\"datePublished\":\"2021-10-03T08:38:07+00:00\",\"dateModified\":\"2022-02-12T10:02:43+00:00\",\"breadcrumb\":{\"@id\":\"https:\\\/\\\/www.demirlergumruk.com.tr\\\/en\\\/necessary-legislations\\\/#breadcrumb\"},\"inLanguage\":\"en-US\",\"potentialAction\":[{\"@type\":\"ReadAction\",\"target\":[\"https:\\\/\\\/www.demirlergumruk.com.tr\\\/en\\\/necessary-legislations\\\/\"]}]},{\"@type\":\"BreadcrumbList\",\"@id\":\"https:\\\/\\\/www.demirlergumruk.com.tr\\\/en\\\/necessary-legislations\\\/#breadcrumb\",\"itemListElement\":[{\"@type\":\"ListItem\",\"position\":1,\"name\":\"Anasayfa\",\"item\":\"https:\\\/\\\/www.demirlergumruk.com.tr\\\/en\\\/\"},{\"@type\":\"ListItem\",\"position\":2,\"name\":\"Necessary Legislations\"}]},{\"@type\":\"WebSite\",\"@id\":\"https:\\\/\\\/www.demirlergumruk.com.tr\\\/en\\\/#website\",\"url\":\"https:\\\/\\\/www.demirlergumruk.com.tr\\\/en\\\/\",\"name\":\"Demirler G\u00fcmr\u00fck M\u00fc\u015favirli\u011fi\",\"description\":\"Yenilenmeyen Yenilir\",\"publisher\":{\"@id\":\"https:\\\/\\\/www.demirlergumruk.com.tr\\\/en\\\/#organization\"},\"potentialAction\":[{\"@type\":\"SearchAction\",\"target\":{\"@type\":\"EntryPoint\",\"urlTemplate\":\"https:\\\/\\\/www.demirlergumruk.com.tr\\\/en\\\/?s={search_term_string}\"},\"query-input\":{\"@type\":\"PropertyValueSpecification\",\"valueRequired\":true,\"valueName\":\"search_term_string\"}}],\"inLanguage\":\"en-US\"},{\"@type\":\"Organization\",\"@id\":\"https:\\\/\\\/www.demirlergumruk.com.tr\\\/en\\\/#organization\",\"name\":\"Demirler G\u00fcmr\u00fck M\u00fc\u015favirli\u011fi\",\"url\":\"https:\\\/\\\/www.demirlergumruk.com.tr\\\/en\\\/\",\"logo\":{\"@type\":\"ImageObject\",\"inLanguage\":\"en-US\",\"@id\":\"https:\\\/\\\/www.demirlergumruk.com.tr\\\/en\\\/#\\\/schema\\\/logo\\\/image\\\/\",\"url\":\"https:\\\/\\\/www.demirlergumruk.com.tr\\\/wp-content\\\/uploads\\\/2021\\\/08\\\/Demirler_gumruk_logo.png\",\"contentUrl\":\"https:\\\/\\\/www.demirlergumruk.com.tr\\\/wp-content\\\/uploads\\\/2021\\\/08\\\/Demirler_gumruk_logo.png\",\"width\":290,\"height\":137,\"caption\":\"Demirler G\u00fcmr\u00fck M\u00fc\u015favirli\u011fi\"},\"image\":{\"@id\":\"https:\\\/\\\/www.demirlergumruk.com.tr\\\/en\\\/#\\\/schema\\\/logo\\\/image\\\/\"}}]}<\/script>\n<!-- \/ Yoast SEO plugin. -->","yoast_head_json":{"title":"Necessary Legislations - Demirler G\u00fcmr\u00fck M\u00fc\u015favirli\u011fi","robots":{"index":"index","follow":"follow","max-snippet":"max-snippet:-1","max-image-preview":"max-image-preview:large","max-video-preview":"max-video-preview:-1"},"canonical":"https:\/\/www.demirlergumruk.com.tr\/en\/necessary-legislations\/","og_locale":"en_US","og_type":"article","og_title":"Necessary Legislations - Demirler G\u00fcmr\u00fck M\u00fc\u015favirli\u011fi","og_description":"[vc_row full_width=&#8221;stretch_row&#8221; css=&#8221;.vc_custom_1632640789117{padding-top: 40px ...","og_url":"https:\/\/www.demirlergumruk.com.tr\/en\/necessary-legislations\/","og_site_name":"Demirler G\u00fcmr\u00fck M\u00fc\u015favirli\u011fi","article_modified_time":"2022-02-12T10:02:43+00:00","twitter_card":"summary_large_image","twitter_misc":{"Est. reading time":"7 minutes"},"schema":{"@context":"https:\/\/schema.org","@graph":[{"@type":"WebPage","@id":"https:\/\/www.demirlergumruk.com.tr\/en\/necessary-legislations\/","url":"https:\/\/www.demirlergumruk.com.tr\/en\/necessary-legislations\/","name":"Necessary Legislations - Demirler G\u00fcmr\u00fck M\u00fc\u015favirli\u011fi","isPartOf":{"@id":"https:\/\/www.demirlergumruk.com.tr\/en\/#website"},"datePublished":"2021-10-03T08:38:07+00:00","dateModified":"2022-02-12T10:02:43+00:00","breadcrumb":{"@id":"https:\/\/www.demirlergumruk.com.tr\/en\/necessary-legislations\/#breadcrumb"},"inLanguage":"en-US","potentialAction":[{"@type":"ReadAction","target":["https:\/\/www.demirlergumruk.com.tr\/en\/necessary-legislations\/"]}]},{"@type":"BreadcrumbList","@id":"https:\/\/www.demirlergumruk.com.tr\/en\/necessary-legislations\/#breadcrumb","itemListElement":[{"@type":"ListItem","position":1,"name":"Anasayfa","item":"https:\/\/www.demirlergumruk.com.tr\/en\/"},{"@type":"ListItem","position":2,"name":"Necessary Legislations"}]},{"@type":"WebSite","@id":"https:\/\/www.demirlergumruk.com.tr\/en\/#website","url":"https:\/\/www.demirlergumruk.com.tr\/en\/","name":"Demirler G\u00fcmr\u00fck M\u00fc\u015favirli\u011fi","description":"Yenilenmeyen Yenilir","publisher":{"@id":"https:\/\/www.demirlergumruk.com.tr\/en\/#organization"},"potentialAction":[{"@type":"SearchAction","target":{"@type":"EntryPoint","urlTemplate":"https:\/\/www.demirlergumruk.com.tr\/en\/?s={search_term_string}"},"query-input":{"@type":"PropertyValueSpecification","valueRequired":true,"valueName":"search_term_string"}}],"inLanguage":"en-US"},{"@type":"Organization","@id":"https:\/\/www.demirlergumruk.com.tr\/en\/#organization","name":"Demirler G\u00fcmr\u00fck M\u00fc\u015favirli\u011fi","url":"https:\/\/www.demirlergumruk.com.tr\/en\/","logo":{"@type":"ImageObject","inLanguage":"en-US","@id":"https:\/\/www.demirlergumruk.com.tr\/en\/#\/schema\/logo\/image\/","url":"https:\/\/www.demirlergumruk.com.tr\/wp-content\/uploads\/2021\/08\/Demirler_gumruk_logo.png","contentUrl":"https:\/\/www.demirlergumruk.com.tr\/wp-content\/uploads\/2021\/08\/Demirler_gumruk_logo.png","width":290,"height":137,"caption":"Demirler G\u00fcmr\u00fck M\u00fc\u015favirli\u011fi"},"image":{"@id":"https:\/\/www.demirlergumruk.com.tr\/en\/#\/schema\/logo\/image\/"}}]}},"_links":{"self":[{"href":"https:\/\/www.demirlergumruk.com.tr\/en\/wp-json\/wp\/v2\/pages\/3373","targetHints":{"allow":["GET"]}}],"collection":[{"href":"https:\/\/www.demirlergumruk.com.tr\/en\/wp-json\/wp\/v2\/pages"}],"about":[{"href":"https:\/\/www.demirlergumruk.com.tr\/en\/wp-json\/wp\/v2\/types\/page"}],"author":[{"embeddable":true,"href":"https:\/\/www.demirlergumruk.com.tr\/en\/wp-json\/wp\/v2\/users\/1"}],"replies":[{"embeddable":true,"href":"https:\/\/www.demirlergumruk.com.tr\/en\/wp-json\/wp\/v2\/comments?post=3373"}],"version-history":[{"count":4,"href":"https:\/\/www.demirlergumruk.com.tr\/en\/wp-json\/wp\/v2\/pages\/3373\/revisions"}],"predecessor-version":[{"id":3432,"href":"https:\/\/www.demirlergumruk.com.tr\/en\/wp-json\/wp\/v2\/pages\/3373\/revisions\/3432"}],"wp:attachment":[{"href":"https:\/\/www.demirlergumruk.com.tr\/en\/wp-json\/wp\/v2\/media?parent=3373"}],"curies":[{"name":"wp","href":"https:\/\/api.w.org\/{rel}","templated":true}]}}