{"id":3396,"date":"2021-08-21T08:46:32","date_gmt":"2021-08-21T05:46:32","guid":{"rendered":"https:\/\/www.demirlergumruk.com.tr\/newsletter\/"},"modified":"2022-02-12T11:07:17","modified_gmt":"2022-02-12T08:07:17","slug":"newsletter_","status":"publish","type":"page","link":"https:\/\/www.demirlergumruk.com.tr\/en\/newsletter_\/","title":{"rendered":"Newsletter_"},"content":{"rendered":"<div class=\"wpb-content-wrapper\"><p>[vc_row][vc_column][vc_column_text]<div class=\"tnp tnp-subscription \">\n<form method=\"post\" action=\"https:\/\/www.demirlergumruk.com.tr\/wp-admin\/admin-ajax.php?action=tnp&amp;na=s\">\n<input type=\"hidden\" name=\"nlang\" value=\"en\">\n<div class=\"tnp-field tnp-field-email\"><label for=\"tnp-1\">Email<\/label>\n<input class=\"tnp-email\" type=\"email\" name=\"ne\" id=\"tnp-1\" value=\"\" placeholder=\"\" required><\/div>\n<div class=\"tnp-field tnp-field-button\" style=\"text-align: left\"><input class=\"tnp-submit\" type=\"submit\" value=\"Subscribe\" style=\"\">\n<\/div>\n<\/form>\n<\/div>\n[\/vc_column_text][\/vc_column][\/vc_row]<\/p>\n<\/div>","protected":false},"excerpt":{"rendered":"[vc_row][vc_column][vc_column_text] Email [\/vc_column_text][\/vc_column][\/vc_row]","protected":false},"author":1,"featured_media":0,"parent":0,"menu_order":11,"comment_status":"closed","ping_status":"closed","template":"","meta":{"footnotes":""},"class_list":["post-3396","page","type-page","status-publish","hentry"],"yoast_head":"<!-- This site is optimized with the Yoast SEO plugin v27.4 - https:\/\/yoast.com\/product\/yoast-seo-wordpress\/ -->\n<title>Newsletter_ - Demirler G\u00fcmr\u00fck M\u00fc\u015favirli\u011fi<\/title>\n<meta name=\"robots\" content=\"index, follow, max-snippet:-1, max-image-preview:large, max-video-preview:-1\" \/>\n<link rel=\"canonical\" href=\"https:\/\/www.demirlergumruk.com.tr\/en\/newsletter_\/\" \/>\n<meta property=\"og:locale\" content=\"en_US\" \/>\n<meta property=\"og:type\" content=\"article\" \/>\n<meta property=\"og:title\" content=\"Newsletter_ - Demirler G\u00fcmr\u00fck M\u00fc\u015favirli\u011fi\" \/>\n<meta property=\"og:url\" content=\"https:\/\/www.demirlergumruk.com.tr\/en\/newsletter_\/\" \/>\n<meta property=\"og:site_name\" content=\"Demirler G\u00fcmr\u00fck M\u00fc\u015favirli\u011fi\" \/>\n<meta property=\"article:modified_time\" content=\"2022-02-12T08:07:17+00:00\" \/>\n<meta name=\"twitter:card\" content=\"summary_large_image\" \/>\n<script type=\"application\/ld+json\" class=\"yoast-schema-graph\">{\"@context\":\"https:\\\/\\\/schema.org\",\"@graph\":[{\"@type\":\"WebPage\",\"@id\":\"https:\\\/\\\/www.demirlergumruk.com.tr\\\/en\\\/newsletter_\\\/\",\"url\":\"https:\\\/\\\/www.demirlergumruk.com.tr\\\/en\\\/newsletter_\\\/\",\"name\":\"Newsletter_ - Demirler G\u00fcmr\u00fck M\u00fc\u015favirli\u011fi\",\"isPartOf\":{\"@id\":\"https:\\\/\\\/www.demirlergumruk.com.tr\\\/en\\\/#website\"},\"datePublished\":\"2021-08-21T05:46:32+00:00\",\"dateModified\":\"2022-02-12T08:07:17+00:00\",\"breadcrumb\":{\"@id\":\"https:\\\/\\\/www.demirlergumruk.com.tr\\\/en\\\/newsletter_\\\/#breadcrumb\"},\"inLanguage\":\"en-US\",\"potentialAction\":[{\"@type\":\"ReadAction\",\"target\":[\"https:\\\/\\\/www.demirlergumruk.com.tr\\\/en\\\/newsletter_\\\/\"]}]},{\"@type\":\"BreadcrumbList\",\"@id\":\"https:\\\/\\\/www.demirlergumruk.com.tr\\\/en\\\/newsletter_\\\/#breadcrumb\",\"itemListElement\":[{\"@type\":\"ListItem\",\"position\":1,\"name\":\"Anasayfa\",\"item\":\"https:\\\/\\\/www.demirlergumruk.com.tr\\\/en\\\/\"},{\"@type\":\"ListItem\",\"position\":2,\"name\":\"Newsletter_\"}]},{\"@type\":\"WebSite\",\"@id\":\"https:\\\/\\\/www.demirlergumruk.com.tr\\\/en\\\/#website\",\"url\":\"https:\\\/\\\/www.demirlergumruk.com.tr\\\/en\\\/\",\"name\":\"Demirler G\u00fcmr\u00fck M\u00fc\u015favirli\u011fi\",\"description\":\"Yenilenmeyen Yenilir\",\"publisher\":{\"@id\":\"https:\\\/\\\/www.demirlergumruk.com.tr\\\/en\\\/#organization\"},\"potentialAction\":[{\"@type\":\"SearchAction\",\"target\":{\"@type\":\"EntryPoint\",\"urlTemplate\":\"https:\\\/\\\/www.demirlergumruk.com.tr\\\/en\\\/?s={search_term_string}\"},\"query-input\":{\"@type\":\"PropertyValueSpecification\",\"valueRequired\":true,\"valueName\":\"search_term_string\"}}],\"inLanguage\":\"en-US\"},{\"@type\":\"Organization\",\"@id\":\"https:\\\/\\\/www.demirlergumruk.com.tr\\\/en\\\/#organization\",\"name\":\"Demirler G\u00fcmr\u00fck M\u00fc\u015favirli\u011fi\",\"url\":\"https:\\\/\\\/www.demirlergumruk.com.tr\\\/en\\\/\",\"logo\":{\"@type\":\"ImageObject\",\"inLanguage\":\"en-US\",\"@id\":\"https:\\\/\\\/www.demirlergumruk.com.tr\\\/en\\\/#\\\/schema\\\/logo\\\/image\\\/\",\"url\":\"https:\\\/\\\/www.demirlergumruk.com.tr\\\/wp-content\\\/uploads\\\/2021\\\/08\\\/Demirler_gumruk_logo.png\",\"contentUrl\":\"https:\\\/\\\/www.demirlergumruk.com.tr\\\/wp-content\\\/uploads\\\/2021\\\/08\\\/Demirler_gumruk_logo.png\",\"width\":290,\"height\":137,\"caption\":\"Demirler G\u00fcmr\u00fck M\u00fc\u015favirli\u011fi\"},\"image\":{\"@id\":\"https:\\\/\\\/www.demirlergumruk.com.tr\\\/en\\\/#\\\/schema\\\/logo\\\/image\\\/\"}}]}<\/script>\n<!-- \/ Yoast SEO plugin. -->","yoast_head_json":{"title":"Newsletter_ - Demirler G\u00fcmr\u00fck M\u00fc\u015favirli\u011fi","robots":{"index":"index","follow":"follow","max-snippet":"max-snippet:-1","max-image-preview":"max-image-preview:large","max-video-preview":"max-video-preview:-1"},"canonical":"https:\/\/www.demirlergumruk.com.tr\/en\/newsletter_\/","og_locale":"en_US","og_type":"article","og_title":"Newsletter_ - Demirler G\u00fcmr\u00fck M\u00fc\u015favirli\u011fi","og_url":"https:\/\/www.demirlergumruk.com.tr\/en\/newsletter_\/","og_site_name":"Demirler G\u00fcmr\u00fck M\u00fc\u015favirli\u011fi","article_modified_time":"2022-02-12T08:07:17+00:00","twitter_card":"summary_large_image","schema":{"@context":"https:\/\/schema.org","@graph":[{"@type":"WebPage","@id":"https:\/\/www.demirlergumruk.com.tr\/en\/newsletter_\/","url":"https:\/\/www.demirlergumruk.com.tr\/en\/newsletter_\/","name":"Newsletter_ - Demirler G\u00fcmr\u00fck M\u00fc\u015favirli\u011fi","isPartOf":{"@id":"https:\/\/www.demirlergumruk.com.tr\/en\/#website"},"datePublished":"2021-08-21T05:46:32+00:00","dateModified":"2022-02-12T08:07:17+00:00","breadcrumb":{"@id":"https:\/\/www.demirlergumruk.com.tr\/en\/newsletter_\/#breadcrumb"},"inLanguage":"en-US","potentialAction":[{"@type":"ReadAction","target":["https:\/\/www.demirlergumruk.com.tr\/en\/newsletter_\/"]}]},{"@type":"BreadcrumbList","@id":"https:\/\/www.demirlergumruk.com.tr\/en\/newsletter_\/#breadcrumb","itemListElement":[{"@type":"ListItem","position":1,"name":"Anasayfa","item":"https:\/\/www.demirlergumruk.com.tr\/en\/"},{"@type":"ListItem","position":2,"name":"Newsletter_"}]},{"@type":"WebSite","@id":"https:\/\/www.demirlergumruk.com.tr\/en\/#website","url":"https:\/\/www.demirlergumruk.com.tr\/en\/","name":"Demirler G\u00fcmr\u00fck M\u00fc\u015favirli\u011fi","description":"Yenilenmeyen Yenilir","publisher":{"@id":"https:\/\/www.demirlergumruk.com.tr\/en\/#organization"},"potentialAction":[{"@type":"SearchAction","target":{"@type":"EntryPoint","urlTemplate":"https:\/\/www.demirlergumruk.com.tr\/en\/?s={search_term_string}"},"query-input":{"@type":"PropertyValueSpecification","valueRequired":true,"valueName":"search_term_string"}}],"inLanguage":"en-US"},{"@type":"Organization","@id":"https:\/\/www.demirlergumruk.com.tr\/en\/#organization","name":"Demirler G\u00fcmr\u00fck M\u00fc\u015favirli\u011fi","url":"https:\/\/www.demirlergumruk.com.tr\/en\/","logo":{"@type":"ImageObject","inLanguage":"en-US","@id":"https:\/\/www.demirlergumruk.com.tr\/en\/#\/schema\/logo\/image\/","url":"https:\/\/www.demirlergumruk.com.tr\/wp-content\/uploads\/2021\/08\/Demirler_gumruk_logo.png","contentUrl":"https:\/\/www.demirlergumruk.com.tr\/wp-content\/uploads\/2021\/08\/Demirler_gumruk_logo.png","width":290,"height":137,"caption":"Demirler G\u00fcmr\u00fck M\u00fc\u015favirli\u011fi"},"image":{"@id":"https:\/\/www.demirlergumruk.com.tr\/en\/#\/schema\/logo\/image\/"}}]}},"_links":{"self":[{"href":"https:\/\/www.demirlergumruk.com.tr\/en\/wp-json\/wp\/v2\/pages\/3396","targetHints":{"allow":["GET"]}}],"collection":[{"href":"https:\/\/www.demirlergumruk.com.tr\/en\/wp-json\/wp\/v2\/pages"}],"about":[{"href":"https:\/\/www.demirlergumruk.com.tr\/en\/wp-json\/wp\/v2\/types\/page"}],"author":[{"embeddable":true,"href":"https:\/\/www.demirlergumruk.com.tr\/en\/wp-json\/wp\/v2\/users\/1"}],"replies":[{"embeddable":true,"href":"https:\/\/www.demirlergumruk.com.tr\/en\/wp-json\/wp\/v2\/comments?post=3396"}],"version-history":[{"count":4,"href":"https:\/\/www.demirlergumruk.com.tr\/en\/wp-json\/wp\/v2\/pages\/3396\/revisions"}],"predecessor-version":[{"id":3401,"href":"https:\/\/www.demirlergumruk.com.tr\/en\/wp-json\/wp\/v2\/pages\/3396\/revisions\/3401"}],"wp:attachment":[{"href":"https:\/\/www.demirlergumruk.com.tr\/en\/wp-json\/wp\/v2\/media?parent=3396"}],"curies":[{"name":"wp","href":"https:\/\/api.w.org\/{rel}","templated":true}]}}