{"id":3419,"date":"2018-05-29T11:21:21","date_gmt":"2018-05-29T08:21:21","guid":{"rendered":"https:\/\/www.demirlergumruk.com.tr\/tek-pencere-e-takip-sistemi\/"},"modified":"2022-02-18T16:39:58","modified_gmt":"2022-02-18T13:39:58","slug":"e-follow-system","status":"publish","type":"page","link":"https:\/\/www.demirlergumruk.com.tr\/en\/e-follow-system\/","title":{"rendered":"E-Follow System"},"content":{"rendered":"<div class=\"wpb-content-wrapper\"><p>[vc_row][vc_column]<div class=\"cz_gap clr \" style=\"height: 50px\"><\/div>[\/vc_column][\/vc_row][vc_row][vc_column width=&#8221;1\/3&#8243;]<div id=\"cz_49791\" class=\"cz_49791 cz_banner clr\">\n\t\t\t<figure class=\"effect-style7\">\n\t\t\t\t<img loading=\"lazy\" decoding=\"async\" width=\"2560\" height=\"1706\" src=\"https:\/\/www.demirlergumruk.com.tr\/wp-content\/uploads\/2021\/09\/logo_d-scaled.jpg\" class=\"attachment-full\" alt=\"Logo d\" title=\"logo_d\" srcset=\"https:\/\/www.demirlergumruk.com.tr\/wp-content\/uploads\/2021\/09\/logo_d-scaled.jpg 2560w, https:\/\/www.demirlergumruk.com.tr\/wp-content\/uploads\/2021\/09\/logo_d-300x200.jpg 300w, https:\/\/www.demirlergumruk.com.tr\/wp-content\/uploads\/2021\/09\/logo_d-1024x683.jpg 1024w, https:\/\/www.demirlergumruk.com.tr\/wp-content\/uploads\/2021\/09\/logo_d-768x512.jpg 768w, https:\/\/www.demirlergumruk.com.tr\/wp-content\/uploads\/2021\/09\/logo_d-1536x1024.jpg 1536w, https:\/\/www.demirlergumruk.com.tr\/wp-content\/uploads\/2021\/09\/logo_d-2048x1365.jpg 2048w, https:\/\/www.demirlergumruk.com.tr\/wp-content\/uploads\/2021\/09\/logo_d-600x400.jpg 600w\" sizes=\"auto, (max-width: 2560px) 100vw, 2560px\" loading=\"lazy\" \/>\n\t\t\t\t<figcaption><div><h4>For Login click here<\/h4><p class=\"cz_wpe_content\">E-Follow System<\/p><\/div><a href=\"https:\/\/etakip.demirlergumruk.com.tr\/\" target=\"_blank\"> <\/a><\/figcaption>\t\t\t\n\t\t\t<\/figure>\n\t\t<\/div>[\/vc_column][vc_column width=&#8221;1\/3&#8243;]<a href=\"https:\/\/www.demirlergumruk.com.tr\/docs\/efollowug.pdf\" target=\"_blank\"><div id=\"cz_25911\" class=\"cz_25911 services clr style1 left\"><div class=\"service_custom\"><i class=\"far fa-file-pdf\"><\/i><\/div><div class=\"service_text\"><h3>User Guide<\/h3><div class=\"cz_wpe_content\"><span style=\"color: #333333;\">For User Guide of our E-Follow System<\/span><\/div><div href=\"https:\/\/www.demirlergumruk.com.tr\/docs\/efollowug.pdf\" target=\"_blank\" class=\"cz_btn\">PDF<\/div><\/div><\/div><\/a><div class=\"cz_gap clr \" style=\"height: 50px\"><\/div>[\/vc_column][vc_column width=&#8221;1\/3&#8243;]<div id=\"cz_38464\" class=\"cz_38464 services clr style1 left\"><div class=\"service_custom\"><i class=\"fa czico-090-mail-2\"><\/i><\/div><div class=\"service_text\"><h3>Questions<\/h3><div class=\"cz_wpe_content\"><span style=\"color: #333333;\">If you have got any questions about our system, please ask our IT Team at <a href=\"mailto:bt@demirlergumruk.com.tr\"><strong>bt@demirlergumruk.com.tr<\/strong><\/a> .<\/span><\/div><\/div><\/div>[\/vc_column][\/vc_row][vc_row][vc_column][vc_separator][\/vc_column][\/vc_row][vc_row disable_element=&#8221;yes&#8221;][vc_column css=&#8221;.vc_custom_1511209844438{padding-right: 0px !important;padding-left: 0px !important;}&#8221;]<div id=\"cz_94722\" class=\"cz_94722 cz_title clr cz_title_pos_inline tac\"><div class=\"cz_title_content\"><div class=\"cz_wpe_content\"><h4 style=\"text-align: center;\">Tek Pencere E-Takip Sistemi<\/h4>\n<\/div><\/div><\/div><div id=\"cz_45385\" class=\"cz_45385 cz_process_road cz_road_tb cz_road_icon_custom cz_road_1px\"><i class=\"far fa-hand-point-down\"><\/i><div class=\"cz_process_road_a\"><\/div><div class=\"cz_process_road_b\"><\/div><\/div>[vc_single_image image=&#8221;2083&#8243; img_size=&#8221;300&#215;300&#8243; alignment=&#8221;center&#8221; style=&#8221;vc_box_outline_circle&#8221; onclick=&#8221;custom_link&#8221; img_link_target=&#8221;_blank&#8221; link=&#8221;https:\/\/etakip.demirlergumruk.com.tr\/&#8221;][\/vc_column][\/vc_row]<\/p>\n<\/div>","protected":false},"excerpt":{"rendered":"[vc_row][vc_column][\/vc_column][\/vc_row][vc_row][vc_column width=\"1\/3\"] For Login click hereE-Follow System [\/vc_column][vc_column width=\"1\/3\"]User GuideFor User Guide of our E-Follow SystemPDF[\/vc_column][vc_column width=\"1\/3\"]QuestionsIf you have got","protected":false},"author":1,"featured_media":0,"parent":0,"menu_order":29,"comment_status":"closed","ping_status":"closed","template":"","meta":{"footnotes":""},"class_list":["post-3419","page","type-page","status-publish","hentry"],"yoast_head":"<!-- This site is optimized with the Yoast SEO plugin v27.4 - https:\/\/yoast.com\/product\/yoast-seo-wordpress\/ -->\n<title>E-Follow System - Demirler G\u00fcmr\u00fck M\u00fc\u015favirli\u011fi<\/title>\n<meta name=\"robots\" content=\"index, follow, max-snippet:-1, max-image-preview:large, max-video-preview:-1\" \/>\n<link rel=\"canonical\" href=\"https:\/\/www.demirlergumruk.com.tr\/en\/e-follow-system\/\" \/>\n<meta property=\"og:locale\" content=\"en_US\" \/>\n<meta property=\"og:type\" content=\"article\" \/>\n<meta property=\"og:title\" content=\"E-Follow System - Demirler G\u00fcmr\u00fck M\u00fc\u015favirli\u011fi\" \/>\n<meta property=\"og:url\" content=\"https:\/\/www.demirlergumruk.com.tr\/en\/e-follow-system\/\" \/>\n<meta property=\"og:site_name\" content=\"Demirler G\u00fcmr\u00fck M\u00fc\u015favirli\u011fi\" \/>\n<meta property=\"article:modified_time\" content=\"2022-02-18T13:39:58+00:00\" \/>\n<meta name=\"twitter:card\" content=\"summary_large_image\" \/>\n<meta name=\"twitter:label1\" content=\"Est. reading time\" \/>\n\t<meta name=\"twitter:data1\" content=\"1 minute\" \/>\n<script type=\"application\/ld+json\" class=\"yoast-schema-graph\">{\"@context\":\"https:\\\/\\\/schema.org\",\"@graph\":[{\"@type\":\"WebPage\",\"@id\":\"https:\\\/\\\/www.demirlergumruk.com.tr\\\/en\\\/e-follow-system\\\/\",\"url\":\"https:\\\/\\\/www.demirlergumruk.com.tr\\\/en\\\/e-follow-system\\\/\",\"name\":\"E-Follow System - Demirler G\u00fcmr\u00fck M\u00fc\u015favirli\u011fi\",\"isPartOf\":{\"@id\":\"https:\\\/\\\/www.demirlergumruk.com.tr\\\/en\\\/#website\"},\"datePublished\":\"2018-05-29T08:21:21+00:00\",\"dateModified\":\"2022-02-18T13:39:58+00:00\",\"breadcrumb\":{\"@id\":\"https:\\\/\\\/www.demirlergumruk.com.tr\\\/en\\\/e-follow-system\\\/#breadcrumb\"},\"inLanguage\":\"en-US\",\"potentialAction\":[{\"@type\":\"ReadAction\",\"target\":[\"https:\\\/\\\/www.demirlergumruk.com.tr\\\/en\\\/e-follow-system\\\/\"]}]},{\"@type\":\"BreadcrumbList\",\"@id\":\"https:\\\/\\\/www.demirlergumruk.com.tr\\\/en\\\/e-follow-system\\\/#breadcrumb\",\"itemListElement\":[{\"@type\":\"ListItem\",\"position\":1,\"name\":\"Anasayfa\",\"item\":\"https:\\\/\\\/www.demirlergumruk.com.tr\\\/en\\\/\"},{\"@type\":\"ListItem\",\"position\":2,\"name\":\"E-Follow System\"}]},{\"@type\":\"WebSite\",\"@id\":\"https:\\\/\\\/www.demirlergumruk.com.tr\\\/en\\\/#website\",\"url\":\"https:\\\/\\\/www.demirlergumruk.com.tr\\\/en\\\/\",\"name\":\"Demirler G\u00fcmr\u00fck M\u00fc\u015favirli\u011fi\",\"description\":\"Yenilenmeyen Yenilir\",\"publisher\":{\"@id\":\"https:\\\/\\\/www.demirlergumruk.com.tr\\\/en\\\/#organization\"},\"potentialAction\":[{\"@type\":\"SearchAction\",\"target\":{\"@type\":\"EntryPoint\",\"urlTemplate\":\"https:\\\/\\\/www.demirlergumruk.com.tr\\\/en\\\/?s={search_term_string}\"},\"query-input\":{\"@type\":\"PropertyValueSpecification\",\"valueRequired\":true,\"valueName\":\"search_term_string\"}}],\"inLanguage\":\"en-US\"},{\"@type\":\"Organization\",\"@id\":\"https:\\\/\\\/www.demirlergumruk.com.tr\\\/en\\\/#organization\",\"name\":\"Demirler G\u00fcmr\u00fck M\u00fc\u015favirli\u011fi\",\"url\":\"https:\\\/\\\/www.demirlergumruk.com.tr\\\/en\\\/\",\"logo\":{\"@type\":\"ImageObject\",\"inLanguage\":\"en-US\",\"@id\":\"https:\\\/\\\/www.demirlergumruk.com.tr\\\/en\\\/#\\\/schema\\\/logo\\\/image\\\/\",\"url\":\"https:\\\/\\\/www.demirlergumruk.com.tr\\\/wp-content\\\/uploads\\\/2021\\\/08\\\/Demirler_gumruk_logo.png\",\"contentUrl\":\"https:\\\/\\\/www.demirlergumruk.com.tr\\\/wp-content\\\/uploads\\\/2021\\\/08\\\/Demirler_gumruk_logo.png\",\"width\":290,\"height\":137,\"caption\":\"Demirler G\u00fcmr\u00fck M\u00fc\u015favirli\u011fi\"},\"image\":{\"@id\":\"https:\\\/\\\/www.demirlergumruk.com.tr\\\/en\\\/#\\\/schema\\\/logo\\\/image\\\/\"}}]}<\/script>\n<!-- \/ Yoast SEO plugin. -->","yoast_head_json":{"title":"E-Follow System - Demirler G\u00fcmr\u00fck M\u00fc\u015favirli\u011fi","robots":{"index":"index","follow":"follow","max-snippet":"max-snippet:-1","max-image-preview":"max-image-preview:large","max-video-preview":"max-video-preview:-1"},"canonical":"https:\/\/www.demirlergumruk.com.tr\/en\/e-follow-system\/","og_locale":"en_US","og_type":"article","og_title":"E-Follow System - Demirler G\u00fcmr\u00fck M\u00fc\u015favirli\u011fi","og_url":"https:\/\/www.demirlergumruk.com.tr\/en\/e-follow-system\/","og_site_name":"Demirler G\u00fcmr\u00fck M\u00fc\u015favirli\u011fi","article_modified_time":"2022-02-18T13:39:58+00:00","twitter_card":"summary_large_image","twitter_misc":{"Est. reading time":"1 minute"},"schema":{"@context":"https:\/\/schema.org","@graph":[{"@type":"WebPage","@id":"https:\/\/www.demirlergumruk.com.tr\/en\/e-follow-system\/","url":"https:\/\/www.demirlergumruk.com.tr\/en\/e-follow-system\/","name":"E-Follow System - Demirler G\u00fcmr\u00fck M\u00fc\u015favirli\u011fi","isPartOf":{"@id":"https:\/\/www.demirlergumruk.com.tr\/en\/#website"},"datePublished":"2018-05-29T08:21:21+00:00","dateModified":"2022-02-18T13:39:58+00:00","breadcrumb":{"@id":"https:\/\/www.demirlergumruk.com.tr\/en\/e-follow-system\/#breadcrumb"},"inLanguage":"en-US","potentialAction":[{"@type":"ReadAction","target":["https:\/\/www.demirlergumruk.com.tr\/en\/e-follow-system\/"]}]},{"@type":"BreadcrumbList","@id":"https:\/\/www.demirlergumruk.com.tr\/en\/e-follow-system\/#breadcrumb","itemListElement":[{"@type":"ListItem","position":1,"name":"Anasayfa","item":"https:\/\/www.demirlergumruk.com.tr\/en\/"},{"@type":"ListItem","position":2,"name":"E-Follow System"}]},{"@type":"WebSite","@id":"https:\/\/www.demirlergumruk.com.tr\/en\/#website","url":"https:\/\/www.demirlergumruk.com.tr\/en\/","name":"Demirler G\u00fcmr\u00fck M\u00fc\u015favirli\u011fi","description":"Yenilenmeyen Yenilir","publisher":{"@id":"https:\/\/www.demirlergumruk.com.tr\/en\/#organization"},"potentialAction":[{"@type":"SearchAction","target":{"@type":"EntryPoint","urlTemplate":"https:\/\/www.demirlergumruk.com.tr\/en\/?s={search_term_string}"},"query-input":{"@type":"PropertyValueSpecification","valueRequired":true,"valueName":"search_term_string"}}],"inLanguage":"en-US"},{"@type":"Organization","@id":"https:\/\/www.demirlergumruk.com.tr\/en\/#organization","name":"Demirler G\u00fcmr\u00fck M\u00fc\u015favirli\u011fi","url":"https:\/\/www.demirlergumruk.com.tr\/en\/","logo":{"@type":"ImageObject","inLanguage":"en-US","@id":"https:\/\/www.demirlergumruk.com.tr\/en\/#\/schema\/logo\/image\/","url":"https:\/\/www.demirlergumruk.com.tr\/wp-content\/uploads\/2021\/08\/Demirler_gumruk_logo.png","contentUrl":"https:\/\/www.demirlergumruk.com.tr\/wp-content\/uploads\/2021\/08\/Demirler_gumruk_logo.png","width":290,"height":137,"caption":"Demirler G\u00fcmr\u00fck M\u00fc\u015favirli\u011fi"},"image":{"@id":"https:\/\/www.demirlergumruk.com.tr\/en\/#\/schema\/logo\/image\/"}}]}},"_links":{"self":[{"href":"https:\/\/www.demirlergumruk.com.tr\/en\/wp-json\/wp\/v2\/pages\/3419","targetHints":{"allow":["GET"]}}],"collection":[{"href":"https:\/\/www.demirlergumruk.com.tr\/en\/wp-json\/wp\/v2\/pages"}],"about":[{"href":"https:\/\/www.demirlergumruk.com.tr\/en\/wp-json\/wp\/v2\/types\/page"}],"author":[{"embeddable":true,"href":"https:\/\/www.demirlergumruk.com.tr\/en\/wp-json\/wp\/v2\/users\/1"}],"replies":[{"embeddable":true,"href":"https:\/\/www.demirlergumruk.com.tr\/en\/wp-json\/wp\/v2\/comments?post=3419"}],"version-history":[{"count":3,"href":"https:\/\/www.demirlergumruk.com.tr\/en\/wp-json\/wp\/v2\/pages\/3419\/revisions"}],"predecessor-version":[{"id":3529,"href":"https:\/\/www.demirlergumruk.com.tr\/en\/wp-json\/wp\/v2\/pages\/3419\/revisions\/3529"}],"wp:attachment":[{"href":"https:\/\/www.demirlergumruk.com.tr\/en\/wp-json\/wp\/v2\/media?parent=3419"}],"curies":[{"name":"wp","href":"https:\/\/api.w.org\/{rel}","templated":true}]}}